{"id":2080,"date":"2019-09-10T10:04:05","date_gmt":"2019-09-10T08:04:05","guid":{"rendered":"https:\/\/walsergroup.com\/?page_id=2080"},"modified":"2022-01-25T09:33:06","modified_gmt":"2022-01-25T08:33:06","slug":"walser-safety","status":"publish","type":"page","link":"https:\/\/walsergroup.com\/en\/walser-safety\/","title":{"rendered":"Safety"},"content":{"rendered":"<div class=\"wpb-content-wrapper\"><p>[vc_row][vc_column css=&#8221;.vc_custom_1554420090599{margin-bottom: 40px !important;}&#8221;][vc_column_text css=&#8221;.vc_custom_1568102310467{margin-top: 10px !important;margin-bottom: 10px !important;padding-top: 0px !important;padding-bottom: 0px !important;}&#8221;]<\/p>\n<h1>SAFETY<\/h1>\n<p>At WALSER, the safety of our customers and the associated safety of our products take top priority. To achieve this, we manage the issue of safety at different levels, and here we wish to give an overview of the most important three:[\/vc_column_text][\/vc_column][\/vc_row][vc_row][vc_column width=&#8221;1\/2&#8243; css=&#8221;.vc_custom_1554420090599{margin-bottom: 40px !important;}&#8221;][vc_single_image image=&#8221;2238&#8243; img_size=&#8221;full&#8221; css=&#8221;.vc_custom_1568030507642{margin-bottom: 0px !important;border-bottom-width: 0px !important;padding-bottom: 0px !important;}&#8221;][vc_column_text]<\/p>\n<h2>Testing procedures<\/h2>\n<p>In addition to our own controls, most of our products are also regularly inspected by accredited, independent testing institutes such as T\u00dcV Austria or T\u00dcV Rheinland LGA Products GmbH and certified with a test mark if the result is positive. In addition to conforming to statutory requirements, this also includes a large number of voluntary inspections, which we are more than happy to carry out for the benefit of our customers and their safety. The most important tests include:<\/p>\n<ul>\n<li><strong>Side airbag compatibility:<\/strong> This involves checking whether a seat cover is compatible with a side airbag and does not restrict it in any way in the event of deployment.<\/li>\n<li><strong>Pollutant testing:<\/strong> Checking whether chemical ingredients comply with legal requirements or exceed statutory limits.<\/li>\n<li>Checking the <strong>fire behaviour<\/strong> of materials<\/li>\n<li><strong>Electrical safety:<\/strong> Checking an item for possible short circuits, overvoltage and electric shock hazard<\/li>\n<li>Checking the <strong>reflecting properties<\/strong> of reflecting materials, for example the safety vest from SafetyMaker<\/li>\n<\/ul>\n<p>[\/vc_column_text][\/vc_column][vc_column width=&#8221;1\/2&#8243;][vc_single_image image=&#8221;2240&#8243; img_size=&#8221;full&#8221; css=&#8221;.vc_custom_1568030524478{margin-bottom: 0px !important;border-bottom-width: 0px !important;padding-bottom: 0px !important;}&#8221;][vc_column_text]<\/p>\n<h2>Production process<\/h2>\n<p>The production process is constantly monitored by Walser and no batch leaves the production facility without a final inspection. For these checks, we have our own team on site, which takes care of the final inspection of the finished product<em>.<\/em> You can find further details on testing <a href=\"https:\/\/walsergroup.com\/en\/quality\/\">here.<\/a>[\/vc_column_text][vc_separator][vc_single_image image=&#8221;2242&#8243; img_size=&#8221;full&#8221; css=&#8221;.vc_custom_1568030539421{margin-bottom: 0px !important;border-bottom-width: 0px !important;padding-bottom: 0px !important;}&#8221;][vc_column_text]<\/p>\n<h2>Products for more safety<\/h2>\n<p>We have developed special products to increase the safety of our customers in road traffic. This includes, for example, products that are highly reflective or illuminated with LEDs from the SafetyMaker brand that make the wearers more visible to other road users and thus, dramatically increase your personal safety. Other safety items you should always carry in the car are for example safety vests and a complete first aid kit.[\/vc_column_text][\/vc_column][\/vc_row]<\/p>\n<\/div>","protected":false},"excerpt":{"rendered":"<p><span class=\"excerpt-hellip\"> [\u2026]<\/span><\/p>\n","protected":false},"author":1,"featured_media":0,"parent":0,"menu_order":0,"comment_status":"closed","ping_status":"closed","template":"","meta":{"inline_featured_image":false,"footnotes":""},"class_list":["post-2080","page","type-page","status-publish","hentry"],"yoast_head":"<!-- This site is optimized with the Yoast SEO plugin v24.3 - https:\/\/yoast.com\/wordpress\/plugins\/seo\/ -->\n<title>Safety - WALSER - Ihr Spezialist f\u00fcr automotive Innenausstattung<\/title>\n<meta name=\"robots\" content=\"index, follow, max-snippet:-1, max-image-preview:large, max-video-preview:-1\" \/>\n<link rel=\"canonical\" href=\"https:\/\/walsergroup.com\/en\/walser-safety\/\" \/>\n<meta property=\"og:locale\" content=\"en_US\" \/>\n<meta property=\"og:type\" content=\"article\" \/>\n<meta property=\"og:title\" content=\"Safety - WALSER - Ihr Spezialist f\u00fcr automotive Innenausstattung\" \/>\n<meta property=\"og:description\" content=\"[\u2026]\" \/>\n<meta property=\"og:url\" content=\"https:\/\/walsergroup.com\/en\/walser-safety\/\" \/>\n<meta property=\"og:site_name\" content=\"WALSER - Ihr Spezialist f\u00fcr automotive Innenausstattung\" \/>\n<meta property=\"article:modified_time\" content=\"2022-01-25T08:33:06+00:00\" \/>\n<meta name=\"twitter:card\" content=\"summary_large_image\" \/>\n<meta name=\"twitter:label1\" content=\"Est. reading time\" \/>\n\t<meta name=\"twitter:data1\" content=\"2 minutes\" \/>\n<script type=\"application\/ld+json\" class=\"yoast-schema-graph\">{\"@context\":\"https:\/\/schema.org\",\"@graph\":[{\"@type\":\"WebPage\",\"@id\":\"https:\/\/walsergroup.com\/en\/walser-safety\/\",\"url\":\"https:\/\/walsergroup.com\/en\/walser-safety\/\",\"name\":\"Safety - WALSER - Ihr Spezialist f\u00fcr automotive Innenausstattung\",\"isPartOf\":{\"@id\":\"https:\/\/walsergroup.com\/en\/#website\"},\"datePublished\":\"2019-09-10T08:04:05+00:00\",\"dateModified\":\"2022-01-25T08:33:06+00:00\",\"breadcrumb\":{\"@id\":\"https:\/\/walsergroup.com\/en\/walser-safety\/#breadcrumb\"},\"inLanguage\":\"en-US\",\"potentialAction\":[{\"@type\":\"ReadAction\",\"target\":[\"https:\/\/walsergroup.com\/en\/walser-safety\/\"]}]},{\"@type\":\"BreadcrumbList\",\"@id\":\"https:\/\/walsergroup.com\/en\/walser-safety\/#breadcrumb\",\"itemListElement\":[{\"@type\":\"ListItem\",\"position\":1,\"name\":\"Startseite\",\"item\":\"https:\/\/walsergroup.com\/en\/\"},{\"@type\":\"ListItem\",\"position\":2,\"name\":\"Safety\"}]},{\"@type\":\"WebSite\",\"@id\":\"https:\/\/walsergroup.com\/en\/#website\",\"url\":\"https:\/\/walsergroup.com\/en\/\",\"name\":\"WALSER - Ihr Spezialist f\u00fcr automotive Innenausstattung\",\"description\":\"Die WALSER GmbH produziert und vertreibt seit 1977 hochwertige Artikel im Bereich Autozubeh\u00f6r, ... Heute geh\u00f6rt Walser zu den Marktf\u00fchrern der Branche.\",\"publisher\":{\"@id\":\"https:\/\/walsergroup.com\/en\/#organization\"},\"potentialAction\":[{\"@type\":\"SearchAction\",\"target\":{\"@type\":\"EntryPoint\",\"urlTemplate\":\"https:\/\/walsergroup.com\/en\/?s={search_term_string}\"},\"query-input\":{\"@type\":\"PropertyValueSpecification\",\"valueRequired\":true,\"valueName\":\"search_term_string\"}}],\"inLanguage\":\"en-US\"},{\"@type\":\"Organization\",\"@id\":\"https:\/\/walsergroup.com\/en\/#organization\",\"name\":\"WALSER - Ihr Spezialist f\u00fcr automotive Innenausstattung\",\"url\":\"https:\/\/walsergroup.com\/en\/\",\"logo\":{\"@type\":\"ImageObject\",\"inLanguage\":\"en-US\",\"@id\":\"https:\/\/walsergroup.com\/en\/#\/schema\/logo\/image\/\",\"url\":\"https:\/\/walsergroup.com\/wp-content\/uploads\/2021\/06\/cropped-WALSER-Logo-DE-01-retina-1.png\",\"contentUrl\":\"https:\/\/walsergroup.com\/wp-content\/uploads\/2021\/06\/cropped-WALSER-Logo-DE-01-retina-1.png\",\"width\":466,\"height\":200,\"caption\":\"WALSER - Ihr Spezialist f\u00fcr automotive Innenausstattung\"},\"image\":{\"@id\":\"https:\/\/walsergroup.com\/en\/#\/schema\/logo\/image\/\"}}]}<\/script>\n<!-- \/ Yoast SEO plugin. -->","yoast_head_json":{"title":"Safety - WALSER - Ihr Spezialist f\u00fcr automotive Innenausstattung","robots":{"index":"index","follow":"follow","max-snippet":"max-snippet:-1","max-image-preview":"max-image-preview:large","max-video-preview":"max-video-preview:-1"},"canonical":"https:\/\/walsergroup.com\/en\/walser-safety\/","og_locale":"en_US","og_type":"article","og_title":"Safety - WALSER - Ihr Spezialist f\u00fcr automotive Innenausstattung","og_description":"[\u2026]","og_url":"https:\/\/walsergroup.com\/en\/walser-safety\/","og_site_name":"WALSER - Ihr Spezialist f\u00fcr automotive Innenausstattung","article_modified_time":"2022-01-25T08:33:06+00:00","twitter_card":"summary_large_image","twitter_misc":{"Est. reading time":"2 minutes"},"schema":{"@context":"https:\/\/schema.org","@graph":[{"@type":"WebPage","@id":"https:\/\/walsergroup.com\/en\/walser-safety\/","url":"https:\/\/walsergroup.com\/en\/walser-safety\/","name":"Safety - WALSER - Ihr Spezialist f\u00fcr automotive Innenausstattung","isPartOf":{"@id":"https:\/\/walsergroup.com\/en\/#website"},"datePublished":"2019-09-10T08:04:05+00:00","dateModified":"2022-01-25T08:33:06+00:00","breadcrumb":{"@id":"https:\/\/walsergroup.com\/en\/walser-safety\/#breadcrumb"},"inLanguage":"en-US","potentialAction":[{"@type":"ReadAction","target":["https:\/\/walsergroup.com\/en\/walser-safety\/"]}]},{"@type":"BreadcrumbList","@id":"https:\/\/walsergroup.com\/en\/walser-safety\/#breadcrumb","itemListElement":[{"@type":"ListItem","position":1,"name":"Startseite","item":"https:\/\/walsergroup.com\/en\/"},{"@type":"ListItem","position":2,"name":"Safety"}]},{"@type":"WebSite","@id":"https:\/\/walsergroup.com\/en\/#website","url":"https:\/\/walsergroup.com\/en\/","name":"WALSER - Ihr Spezialist f\u00fcr automotive Innenausstattung","description":"Die WALSER GmbH produziert und vertreibt seit 1977 hochwertige Artikel im Bereich Autozubeh\u00f6r, ... Heute geh\u00f6rt Walser zu den Marktf\u00fchrern der Branche.","publisher":{"@id":"https:\/\/walsergroup.com\/en\/#organization"},"potentialAction":[{"@type":"SearchAction","target":{"@type":"EntryPoint","urlTemplate":"https:\/\/walsergroup.com\/en\/?s={search_term_string}"},"query-input":{"@type":"PropertyValueSpecification","valueRequired":true,"valueName":"search_term_string"}}],"inLanguage":"en-US"},{"@type":"Organization","@id":"https:\/\/walsergroup.com\/en\/#organization","name":"WALSER - Ihr Spezialist f\u00fcr automotive Innenausstattung","url":"https:\/\/walsergroup.com\/en\/","logo":{"@type":"ImageObject","inLanguage":"en-US","@id":"https:\/\/walsergroup.com\/en\/#\/schema\/logo\/image\/","url":"https:\/\/walsergroup.com\/wp-content\/uploads\/2021\/06\/cropped-WALSER-Logo-DE-01-retina-1.png","contentUrl":"https:\/\/walsergroup.com\/wp-content\/uploads\/2021\/06\/cropped-WALSER-Logo-DE-01-retina-1.png","width":466,"height":200,"caption":"WALSER - Ihr Spezialist f\u00fcr automotive Innenausstattung"},"image":{"@id":"https:\/\/walsergroup.com\/en\/#\/schema\/logo\/image\/"}}]}},"_links":{"self":[{"href":"https:\/\/walsergroup.com\/en\/wp-json\/wp\/v2\/pages\/2080"}],"collection":[{"href":"https:\/\/walsergroup.com\/en\/wp-json\/wp\/v2\/pages"}],"about":[{"href":"https:\/\/walsergroup.com\/en\/wp-json\/wp\/v2\/types\/page"}],"author":[{"embeddable":true,"href":"https:\/\/walsergroup.com\/en\/wp-json\/wp\/v2\/users\/1"}],"replies":[{"embeddable":true,"href":"https:\/\/walsergroup.com\/en\/wp-json\/wp\/v2\/comments?post=2080"}],"version-history":[{"count":0,"href":"https:\/\/walsergroup.com\/en\/wp-json\/wp\/v2\/pages\/2080\/revisions"}],"wp:attachment":[{"href":"https:\/\/walsergroup.com\/en\/wp-json\/wp\/v2\/media?parent=2080"}],"curies":[{"name":"wp","href":"https:\/\/api.w.org\/{rel}","templated":true}]}}