{"id":2494,"date":"2019-10-02T13:30:33","date_gmt":"2019-10-02T11:30:33","guid":{"rendered":"https:\/\/walsergroup.com\/?page_id=2494"},"modified":"2020-10-06T09:22:14","modified_gmt":"2020-10-06T07:22:14","slug":"become-a-supplier","status":"publish","type":"page","link":"https:\/\/walsergroup.com\/en\/become-a-supplier\/","title":{"rendered":"Become a supplier"},"content":{"rendered":"<div class=\"wpb-content-wrapper\"><p>[vc_row][vc_column css=&#8221;.vc_custom_1554420090599{margin-bottom: 40px !important;}&#8221;][vc_column_text css=&#8221;.vc_custom_1570014460287{margin-top: 10px !important;margin-bottom: 10px !important;padding-top: 0px !important;padding-bottom: 0px !important;}&#8221;]<\/p>\n<h1>BECOME OUR SUPPLIER<\/h1>\n<p>[\/vc_column_text][\/vc_column][\/vc_row][vc_row][vc_column width=&#8221;1\/2&#8243; css=&#8221;.vc_custom_1554420090599{margin-bottom: 40px !important;}&#8221;][vc_single_image image=&#8221;2686&#8243; img_size=&#8221;full&#8221; onclick=&#8221;custom_link&#8221; img_link_target=&#8221;_blank&#8221; css=&#8221;.vc_custom_1572529822475{margin-bottom: 0px !important;border-bottom-width: 0px !important;padding-bottom: 30px !important;}&#8221; link=&#8221;https:\/\/www.ausschreiben24.com\/#\/supplierApplication\/walser-gmbh&#8221;][vc_column_text]<\/p>\n<h3>Registration<\/h3>\n<p>Walser seeks partners with a clear commitment to excellence and a great business ethic. If you want to become our new business partner you can register here<\/p>\n<p><a class=\"button  has-icon button_left button_size_2\" href=\"https:\/\/www.ausschreiben24.com\/#\/supplierApplication\/walser-gmbh\" style=\"background-color:#ab0f12!important;color:#fff;\" target=\"_blank\"   ><span class=\"button_icon\"><i class=\"icon-right-thin\"  style=\"color:#fff!important;\" aria-hidden=\"true\"><\/i><\/span><span class=\"button_label\">Registration<\/span><\/a>\n[\/vc_column_text][\/vc_column][vc_column width=&#8221;1\/2&#8243;][vc_single_image image=&#8221;2689&#8243; img_size=&#8221;full&#8221; css=&#8221;.vc_custom_1572529831648{margin-bottom: 0px !important;border-bottom-width: 0px !important;padding-bottom: 0px !important;}&#8221;][vc_column_text]<\/p>\n<h3>WALSER Quality Standards<\/h3>\n<p>It is a great concern of Walser to avoid and reduce certain hazardous substances in products beyond the legal requirements. Thus, all products must meet the high Walser quality standards and all laws of the European Union and its member countries. Therefore, it is mandatory for us and our suppliers to comply with EU Directive 2011\/65 \/ EU (RoHS Directive) and EU Directive 1907\/2006 \/ EC (&#8220;REACH&#8221;)[\/vc_column_text][\/vc_column][\/vc_row][vc_row][vc_column width=&#8221;1\/2&#8243; css=&#8221;.vc_custom_1554420090599{margin-bottom: 40px !important;}&#8221;][vc_single_image image=&#8221;2691&#8243; img_size=&#8221;full&#8221; css=&#8221;.vc_custom_1572529852738{margin-bottom: 0px !important;border-bottom-width: 0px !important;padding-bottom: 0px !important;}&#8221;][vc_column_text]<\/p>\n<h3>Terms of Delivery<\/h3>\n<p>The following provisions form the framework for the partnership between WALSER and you as the future supplier, unless otherwise agreed.<\/p>\n<p><a class=\"button  has-icon button_left button_size_2\" href=\"https:\/\/walsergroup.com\/documents\/WALSER-Terms-of-Delivery-01_2020-CN-EN.pdf\" style=\"background-color:#ab0f12!important;color:#fff;\" target=\"_blank\"   ><span class=\"button_icon\"><i class=\"icon-right-thin\"  style=\"color:#fff!important;\" aria-hidden=\"true\"><\/i><\/span><span class=\"button_label\">Terms of Delivery<\/span><\/a>\n[\/vc_column_text][\/vc_column][vc_column width=&#8221;1\/2&#8243;][vc_single_image image=&#8221;2693&#8243; img_size=&#8221;full&#8221; css=&#8221;.vc_custom_1572529865538{margin-bottom: 0px !important;border-bottom-width: 0px !important;padding-bottom: 0px !important;}&#8221;][vc_column_text]<\/p>\n<h3>Feedback<\/h3>\n<p>To constantly improve our cooperation, we provide information about your performance on an ongoing basis. The supplier evaluation includes qualitative and non-qualitative aspects of the partnership and should ensure transparency.[\/vc_column_text][\/vc_column][\/vc_row]<\/p>\n<\/div>","protected":false},"excerpt":{"rendered":"<p><span class=\"excerpt-hellip\"> [\u2026]<\/span><\/p>\n","protected":false},"author":2,"featured_media":0,"parent":0,"menu_order":0,"comment_status":"closed","ping_status":"closed","template":"","meta":{"inline_featured_image":false,"footnotes":""},"class_list":["post-2494","page","type-page","status-publish","hentry"],"yoast_head":"<!-- This site is optimized with the Yoast SEO plugin v24.3 - https:\/\/yoast.com\/wordpress\/plugins\/seo\/ -->\n<title>Become a supplier - WALSER - Ihr Spezialist f\u00fcr automotive Innenausstattung<\/title>\n<meta name=\"robots\" content=\"index, follow, max-snippet:-1, max-image-preview:large, max-video-preview:-1\" \/>\n<link rel=\"canonical\" href=\"https:\/\/walsergroup.com\/en\/become-a-supplier\/\" \/>\n<meta property=\"og:locale\" content=\"en_US\" \/>\n<meta property=\"og:type\" content=\"article\" \/>\n<meta property=\"og:title\" content=\"Become a supplier - WALSER - Ihr Spezialist f\u00fcr automotive Innenausstattung\" \/>\n<meta property=\"og:description\" content=\"[\u2026]\" \/>\n<meta property=\"og:url\" content=\"https:\/\/walsergroup.com\/en\/become-a-supplier\/\" \/>\n<meta property=\"og:site_name\" content=\"WALSER - Ihr Spezialist f\u00fcr automotive Innenausstattung\" \/>\n<meta property=\"article:modified_time\" content=\"2020-10-06T07:22:14+00:00\" \/>\n<meta name=\"twitter:card\" content=\"summary_large_image\" \/>\n<meta name=\"twitter:label1\" content=\"Est. reading time\" \/>\n\t<meta name=\"twitter:data1\" content=\"2 minutes\" \/>\n<script type=\"application\/ld+json\" class=\"yoast-schema-graph\">{\"@context\":\"https:\/\/schema.org\",\"@graph\":[{\"@type\":\"WebPage\",\"@id\":\"https:\/\/walsergroup.com\/en\/become-a-supplier\/\",\"url\":\"https:\/\/walsergroup.com\/en\/become-a-supplier\/\",\"name\":\"Become a supplier - WALSER - Ihr Spezialist f\u00fcr automotive Innenausstattung\",\"isPartOf\":{\"@id\":\"https:\/\/walsergroup.com\/en\/#website\"},\"datePublished\":\"2019-10-02T11:30:33+00:00\",\"dateModified\":\"2020-10-06T07:22:14+00:00\",\"breadcrumb\":{\"@id\":\"https:\/\/walsergroup.com\/en\/become-a-supplier\/#breadcrumb\"},\"inLanguage\":\"en-US\",\"potentialAction\":[{\"@type\":\"ReadAction\",\"target\":[\"https:\/\/walsergroup.com\/en\/become-a-supplier\/\"]}]},{\"@type\":\"BreadcrumbList\",\"@id\":\"https:\/\/walsergroup.com\/en\/become-a-supplier\/#breadcrumb\",\"itemListElement\":[{\"@type\":\"ListItem\",\"position\":1,\"name\":\"Startseite\",\"item\":\"https:\/\/walsergroup.com\/en\/\"},{\"@type\":\"ListItem\",\"position\":2,\"name\":\"Become a supplier\"}]},{\"@type\":\"WebSite\",\"@id\":\"https:\/\/walsergroup.com\/en\/#website\",\"url\":\"https:\/\/walsergroup.com\/en\/\",\"name\":\"WALSER - Ihr Spezialist f\u00fcr automotive Innenausstattung\",\"description\":\"Die WALSER GmbH produziert und vertreibt seit 1977 hochwertige Artikel im Bereich Autozubeh\u00f6r, ... Heute geh\u00f6rt Walser zu den Marktf\u00fchrern der Branche.\",\"publisher\":{\"@id\":\"https:\/\/walsergroup.com\/en\/#organization\"},\"potentialAction\":[{\"@type\":\"SearchAction\",\"target\":{\"@type\":\"EntryPoint\",\"urlTemplate\":\"https:\/\/walsergroup.com\/en\/?s={search_term_string}\"},\"query-input\":{\"@type\":\"PropertyValueSpecification\",\"valueRequired\":true,\"valueName\":\"search_term_string\"}}],\"inLanguage\":\"en-US\"},{\"@type\":\"Organization\",\"@id\":\"https:\/\/walsergroup.com\/en\/#organization\",\"name\":\"WALSER - Ihr Spezialist f\u00fcr automotive Innenausstattung\",\"url\":\"https:\/\/walsergroup.com\/en\/\",\"logo\":{\"@type\":\"ImageObject\",\"inLanguage\":\"en-US\",\"@id\":\"https:\/\/walsergroup.com\/en\/#\/schema\/logo\/image\/\",\"url\":\"https:\/\/walsergroup.com\/wp-content\/uploads\/2021\/06\/cropped-WALSER-Logo-DE-01-retina-1.png\",\"contentUrl\":\"https:\/\/walsergroup.com\/wp-content\/uploads\/2021\/06\/cropped-WALSER-Logo-DE-01-retina-1.png\",\"width\":466,\"height\":200,\"caption\":\"WALSER - Ihr Spezialist f\u00fcr automotive Innenausstattung\"},\"image\":{\"@id\":\"https:\/\/walsergroup.com\/en\/#\/schema\/logo\/image\/\"}}]}<\/script>\n<!-- \/ Yoast SEO plugin. -->","yoast_head_json":{"title":"Become a supplier - WALSER - Ihr Spezialist f\u00fcr automotive Innenausstattung","robots":{"index":"index","follow":"follow","max-snippet":"max-snippet:-1","max-image-preview":"max-image-preview:large","max-video-preview":"max-video-preview:-1"},"canonical":"https:\/\/walsergroup.com\/en\/become-a-supplier\/","og_locale":"en_US","og_type":"article","og_title":"Become a supplier - WALSER - Ihr Spezialist f\u00fcr automotive Innenausstattung","og_description":"[\u2026]","og_url":"https:\/\/walsergroup.com\/en\/become-a-supplier\/","og_site_name":"WALSER - Ihr Spezialist f\u00fcr automotive Innenausstattung","article_modified_time":"2020-10-06T07:22:14+00:00","twitter_card":"summary_large_image","twitter_misc":{"Est. reading time":"2 minutes"},"schema":{"@context":"https:\/\/schema.org","@graph":[{"@type":"WebPage","@id":"https:\/\/walsergroup.com\/en\/become-a-supplier\/","url":"https:\/\/walsergroup.com\/en\/become-a-supplier\/","name":"Become a supplier - WALSER - Ihr Spezialist f\u00fcr automotive Innenausstattung","isPartOf":{"@id":"https:\/\/walsergroup.com\/en\/#website"},"datePublished":"2019-10-02T11:30:33+00:00","dateModified":"2020-10-06T07:22:14+00:00","breadcrumb":{"@id":"https:\/\/walsergroup.com\/en\/become-a-supplier\/#breadcrumb"},"inLanguage":"en-US","potentialAction":[{"@type":"ReadAction","target":["https:\/\/walsergroup.com\/en\/become-a-supplier\/"]}]},{"@type":"BreadcrumbList","@id":"https:\/\/walsergroup.com\/en\/become-a-supplier\/#breadcrumb","itemListElement":[{"@type":"ListItem","position":1,"name":"Startseite","item":"https:\/\/walsergroup.com\/en\/"},{"@type":"ListItem","position":2,"name":"Become a supplier"}]},{"@type":"WebSite","@id":"https:\/\/walsergroup.com\/en\/#website","url":"https:\/\/walsergroup.com\/en\/","name":"WALSER - Ihr Spezialist f\u00fcr automotive Innenausstattung","description":"Die WALSER GmbH produziert und vertreibt seit 1977 hochwertige Artikel im Bereich Autozubeh\u00f6r, ... Heute geh\u00f6rt Walser zu den Marktf\u00fchrern der Branche.","publisher":{"@id":"https:\/\/walsergroup.com\/en\/#organization"},"potentialAction":[{"@type":"SearchAction","target":{"@type":"EntryPoint","urlTemplate":"https:\/\/walsergroup.com\/en\/?s={search_term_string}"},"query-input":{"@type":"PropertyValueSpecification","valueRequired":true,"valueName":"search_term_string"}}],"inLanguage":"en-US"},{"@type":"Organization","@id":"https:\/\/walsergroup.com\/en\/#organization","name":"WALSER - Ihr Spezialist f\u00fcr automotive Innenausstattung","url":"https:\/\/walsergroup.com\/en\/","logo":{"@type":"ImageObject","inLanguage":"en-US","@id":"https:\/\/walsergroup.com\/en\/#\/schema\/logo\/image\/","url":"https:\/\/walsergroup.com\/wp-content\/uploads\/2021\/06\/cropped-WALSER-Logo-DE-01-retina-1.png","contentUrl":"https:\/\/walsergroup.com\/wp-content\/uploads\/2021\/06\/cropped-WALSER-Logo-DE-01-retina-1.png","width":466,"height":200,"caption":"WALSER - Ihr Spezialist f\u00fcr automotive Innenausstattung"},"image":{"@id":"https:\/\/walsergroup.com\/en\/#\/schema\/logo\/image\/"}}]}},"_links":{"self":[{"href":"https:\/\/walsergroup.com\/en\/wp-json\/wp\/v2\/pages\/2494"}],"collection":[{"href":"https:\/\/walsergroup.com\/en\/wp-json\/wp\/v2\/pages"}],"about":[{"href":"https:\/\/walsergroup.com\/en\/wp-json\/wp\/v2\/types\/page"}],"author":[{"embeddable":true,"href":"https:\/\/walsergroup.com\/en\/wp-json\/wp\/v2\/users\/2"}],"replies":[{"embeddable":true,"href":"https:\/\/walsergroup.com\/en\/wp-json\/wp\/v2\/comments?post=2494"}],"version-history":[{"count":0,"href":"https:\/\/walsergroup.com\/en\/wp-json\/wp\/v2\/pages\/2494\/revisions"}],"wp:attachment":[{"href":"https:\/\/walsergroup.com\/en\/wp-json\/wp\/v2\/media?parent=2494"}],"curies":[{"name":"wp","href":"https:\/\/api.w.org\/{rel}","templated":true}]}}