{"id":31195,"date":"2024-10-24T12:00:58","date_gmt":"2024-10-24T10:00:58","guid":{"rendered":"https:\/\/walsergroup.com\/?page_id=31195"},"modified":"2024-10-24T12:12:03","modified_gmt":"2024-10-24T10:12:03","slug":"walser-paletten-depot","status":"publish","type":"page","link":"https:\/\/walsergroup.com\/en\/logistic\/walser-paletten-depot\/","title":{"rendered":"PALLET DEPOT"},"content":{"rendered":"<div class=\"wpb-content-wrapper\"><p>[vc_row][vc_column css=&#8221;.vc_custom_1729515446921{margin-bottom: 0px !important;}&#8221;][vc_column_text css=&#8221;.vc_custom_1729604516195{margin-top: 10px !important;margin-bottom: 10px !important;padding-top: 0px !important;padding-bottom: 0px !important;}&#8221;]<\/p>\n<h1>Pallet Depot<\/h1>\n<p>[\/vc_column_text][\/vc_column][\/vc_row][vc_row equal_height=&#8221;yes&#8221; content_placement=&#8221;top&#8221;][vc_column width=&#8221;5\/12&#8243; css=&#8221;.vc_custom_1729515846409{background-position: center !important;background-repeat: no-repeat !important;background-size: cover !important;}&#8221;][vc_column_text css=&#8221;.vc_custom_1729763672895{margin-top: 0px !important;border-top-width: 0px !important;padding-top: 0px !important;}&#8221;]At WALSER Pallet Depot, we are equipped for every storage requirement. Our modern pallet racks make optimum use of the room height, offer easy access to every pallet and enable problem-free extensions.<\/p>\n<p>This allows us to divide up storage spaces efficiently, pick precisely and ensure safe, proper storage.<\/p>\n<p>Our stable and resilient pallet racking technology is suitable for various weight classes, allowing us to respond flexibly to your needs. The simple configuration, uncomplicated assembly and expandability support our daily work and professional storage.<\/p>\n<p>&nbsp;<\/p>\n<p>&nbsp;<\/p>\n<p>&nbsp;<\/p>\n<p>Contact: <a href=\"mailto:walser@walser.net\">walser@walser.net<\/a>[\/vc_column_text][\/vc_column][vc_column width=&#8221;1\/3&#8243;]<div class=\"list_item lists_2 clearfix\"><div class=\"list_left list_image\"><img loading=\"lazy\" decoding=\"async\" src=\"https:\/\/walsergroup.com\/wp-content\/uploads\/2019\/10\/icon-hacken-4.jpg\" class=\"scale-with-grid\" alt=\"icon-hacken\" width=\"59\" height=\"59\"\/><\/div><div class=\"list_right\"><h4 class=\"title\">Rental<\/h4><div class=\"desc\">of warehouse space and pallet spaces<\/div><\/div><\/div>\n<div class=\"list_item lists_2 clearfix\"><div class=\"list_left list_image\"><img loading=\"lazy\" decoding=\"async\" src=\"https:\/\/walsergroup.com\/wp-content\/uploads\/2019\/10\/icon-hacken-4.jpg\" class=\"scale-with-grid\" alt=\"icon-hacken\" width=\"59\" height=\"59\"\/><\/div><div class=\"list_right\"><h4 class=\"title\">In- &amp; Outbound Logistik<\/h4><div class=\"desc\">incl. all upstream and downstream operations, such as picking of cartons, displays and pallets.<\/div><\/div><\/div>\n<div class=\"list_item lists_2 clearfix\"><div class=\"list_left list_image\"><img loading=\"lazy\" decoding=\"async\" src=\"https:\/\/walsergroup.com\/wp-content\/uploads\/2019\/10\/icon-hacken-4.jpg\" class=\"scale-with-grid\" alt=\"icon-hacken\" width=\"59\" height=\"59\"\/><\/div><div class=\"list_right\"><h4 class=\"title\">WMS<\/h4><div class=\"desc\">Warehouse Management System<\/div><\/div><\/div>\n<div class=\"list_item lists_2 clearfix\"><div class=\"list_left list_image\"><img loading=\"lazy\" decoding=\"async\" src=\"https:\/\/walsergroup.com\/wp-content\/uploads\/2019\/10\/icon-hacken-4.jpg\" class=\"scale-with-grid\" alt=\"icon-hacken\" width=\"59\" height=\"59\"\/><\/div><div class=\"list_right\"><h4 class=\"title\">Goods acceptance<\/h4><div class=\"desc\">in every form (truck, pallets, containers, packages)<\/div><\/div><\/div>\n[\/vc_column][vc_column width=&#8221;1\/4&#8243;][vc_single_image image=&#8221;31206&#8243; img_size=&#8221;large&#8221; css=&#8221;.vc_custom_1729518846598{margin-bottom: 0px !important;}&#8221;][vc_single_image image=&#8221;31208&#8243; img_size=&#8221;large&#8221; css=&#8221;.vc_custom_1729518869493{margin-top: 0px !important;margin-bottom: 0px !important;}&#8221;][\/vc_column][\/vc_row]<\/p>\n<\/div>","protected":false},"excerpt":{"rendered":"<p><span class=\"excerpt-hellip\"> [\u2026]<\/span><\/p>\n","protected":false},"author":11,"featured_media":0,"parent":3600,"menu_order":0,"comment_status":"closed","ping_status":"closed","template":"","meta":{"inline_featured_image":false,"footnotes":""},"class_list":["post-31195","page","type-page","status-publish","hentry"],"yoast_head":"<!-- This site is optimized with the Yoast SEO plugin v24.3 - https:\/\/yoast.com\/wordpress\/plugins\/seo\/ -->\n<title>PALLET DEPOT - WALSER - Ihr Spezialist f\u00fcr automotive Innenausstattung<\/title>\n<meta name=\"robots\" content=\"index, follow, max-snippet:-1, max-image-preview:large, max-video-preview:-1\" \/>\n<link rel=\"canonical\" href=\"https:\/\/walsergroup.com\/en\/logistic\/walser-paletten-depot\/\" \/>\n<meta property=\"og:locale\" content=\"en_US\" \/>\n<meta property=\"og:type\" content=\"article\" \/>\n<meta property=\"og:title\" content=\"PALLET DEPOT - WALSER - Ihr Spezialist f\u00fcr automotive Innenausstattung\" \/>\n<meta property=\"og:description\" content=\"[\u2026]\" \/>\n<meta property=\"og:url\" content=\"https:\/\/walsergroup.com\/en\/logistic\/walser-paletten-depot\/\" \/>\n<meta property=\"og:site_name\" content=\"WALSER - Ihr Spezialist f\u00fcr automotive Innenausstattung\" \/>\n<meta property=\"article:modified_time\" content=\"2024-10-24T10:12:03+00:00\" \/>\n<meta property=\"og:image\" content=\"https:\/\/walsergroup.com\/wp-content\/uploads\/2019\/09\/image1170x530cropped.png\" \/>\n\t<meta property=\"og:image:width\" content=\"1170\" \/>\n\t<meta property=\"og:image:height\" content=\"611\" \/>\n\t<meta property=\"og:image:type\" content=\"image\/png\" \/>\n<meta name=\"twitter:card\" content=\"summary_large_image\" \/>\n<meta name=\"twitter:label1\" content=\"Est. reading time\" \/>\n\t<meta name=\"twitter:data1\" content=\"2 minutes\" \/>\n<script type=\"application\/ld+json\" class=\"yoast-schema-graph\">{\"@context\":\"https:\/\/schema.org\",\"@graph\":[{\"@type\":\"WebPage\",\"@id\":\"https:\/\/walsergroup.com\/en\/logistic\/walser-paletten-depot\/\",\"url\":\"https:\/\/walsergroup.com\/en\/logistic\/walser-paletten-depot\/\",\"name\":\"PALLET DEPOT - WALSER - Ihr Spezialist f\u00fcr automotive Innenausstattung\",\"isPartOf\":{\"@id\":\"https:\/\/walsergroup.com\/en\/#website\"},\"datePublished\":\"2024-10-24T10:00:58+00:00\",\"dateModified\":\"2024-10-24T10:12:03+00:00\",\"breadcrumb\":{\"@id\":\"https:\/\/walsergroup.com\/en\/logistic\/walser-paletten-depot\/#breadcrumb\"},\"inLanguage\":\"en-US\",\"potentialAction\":[{\"@type\":\"ReadAction\",\"target\":[\"https:\/\/walsergroup.com\/en\/logistic\/walser-paletten-depot\/\"]}]},{\"@type\":\"BreadcrumbList\",\"@id\":\"https:\/\/walsergroup.com\/en\/logistic\/walser-paletten-depot\/#breadcrumb\",\"itemListElement\":[{\"@type\":\"ListItem\",\"position\":1,\"name\":\"Startseite\",\"item\":\"https:\/\/walsergroup.com\/en\/\"},{\"@type\":\"ListItem\",\"position\":2,\"name\":\"Logistic\",\"item\":\"https:\/\/walsergroup.com\/en\/logistik\/\"},{\"@type\":\"ListItem\",\"position\":3,\"name\":\"PALLET DEPOT\"}]},{\"@type\":\"WebSite\",\"@id\":\"https:\/\/walsergroup.com\/en\/#website\",\"url\":\"https:\/\/walsergroup.com\/en\/\",\"name\":\"WALSER - Ihr Spezialist f\u00fcr automotive Innenausstattung\",\"description\":\"Die WALSER GmbH produziert und vertreibt seit 1977 hochwertige Artikel im Bereich Autozubeh\u00f6r, ... Heute geh\u00f6rt Walser zu den Marktf\u00fchrern der Branche.\",\"publisher\":{\"@id\":\"https:\/\/walsergroup.com\/en\/#organization\"},\"potentialAction\":[{\"@type\":\"SearchAction\",\"target\":{\"@type\":\"EntryPoint\",\"urlTemplate\":\"https:\/\/walsergroup.com\/en\/?s={search_term_string}\"},\"query-input\":{\"@type\":\"PropertyValueSpecification\",\"valueRequired\":true,\"valueName\":\"search_term_string\"}}],\"inLanguage\":\"en-US\"},{\"@type\":\"Organization\",\"@id\":\"https:\/\/walsergroup.com\/en\/#organization\",\"name\":\"WALSER - Ihr Spezialist f\u00fcr automotive Innenausstattung\",\"url\":\"https:\/\/walsergroup.com\/en\/\",\"logo\":{\"@type\":\"ImageObject\",\"inLanguage\":\"en-US\",\"@id\":\"https:\/\/walsergroup.com\/en\/#\/schema\/logo\/image\/\",\"url\":\"https:\/\/walsergroup.com\/wp-content\/uploads\/2021\/06\/cropped-WALSER-Logo-DE-01-retina-1.png\",\"contentUrl\":\"https:\/\/walsergroup.com\/wp-content\/uploads\/2021\/06\/cropped-WALSER-Logo-DE-01-retina-1.png\",\"width\":466,\"height\":200,\"caption\":\"WALSER - Ihr Spezialist f\u00fcr automotive Innenausstattung\"},\"image\":{\"@id\":\"https:\/\/walsergroup.com\/en\/#\/schema\/logo\/image\/\"}}]}<\/script>\n<!-- \/ Yoast SEO plugin. -->","yoast_head_json":{"title":"PALLET DEPOT - WALSER - Ihr Spezialist f\u00fcr automotive Innenausstattung","robots":{"index":"index","follow":"follow","max-snippet":"max-snippet:-1","max-image-preview":"max-image-preview:large","max-video-preview":"max-video-preview:-1"},"canonical":"https:\/\/walsergroup.com\/en\/logistic\/walser-paletten-depot\/","og_locale":"en_US","og_type":"article","og_title":"PALLET DEPOT - WALSER - Ihr Spezialist f\u00fcr automotive Innenausstattung","og_description":"[\u2026]","og_url":"https:\/\/walsergroup.com\/en\/logistic\/walser-paletten-depot\/","og_site_name":"WALSER - Ihr Spezialist f\u00fcr automotive Innenausstattung","article_modified_time":"2024-10-24T10:12:03+00:00","og_image":[{"width":1170,"height":611,"url":"https:\/\/walsergroup.com\/wp-content\/uploads\/2019\/09\/image1170x530cropped.png","type":"image\/png"}],"twitter_card":"summary_large_image","twitter_misc":{"Est. reading time":"2 minutes"},"schema":{"@context":"https:\/\/schema.org","@graph":[{"@type":"WebPage","@id":"https:\/\/walsergroup.com\/en\/logistic\/walser-paletten-depot\/","url":"https:\/\/walsergroup.com\/en\/logistic\/walser-paletten-depot\/","name":"PALLET DEPOT - WALSER - Ihr Spezialist f\u00fcr automotive Innenausstattung","isPartOf":{"@id":"https:\/\/walsergroup.com\/en\/#website"},"datePublished":"2024-10-24T10:00:58+00:00","dateModified":"2024-10-24T10:12:03+00:00","breadcrumb":{"@id":"https:\/\/walsergroup.com\/en\/logistic\/walser-paletten-depot\/#breadcrumb"},"inLanguage":"en-US","potentialAction":[{"@type":"ReadAction","target":["https:\/\/walsergroup.com\/en\/logistic\/walser-paletten-depot\/"]}]},{"@type":"BreadcrumbList","@id":"https:\/\/walsergroup.com\/en\/logistic\/walser-paletten-depot\/#breadcrumb","itemListElement":[{"@type":"ListItem","position":1,"name":"Startseite","item":"https:\/\/walsergroup.com\/en\/"},{"@type":"ListItem","position":2,"name":"Logistic","item":"https:\/\/walsergroup.com\/en\/logistik\/"},{"@type":"ListItem","position":3,"name":"PALLET DEPOT"}]},{"@type":"WebSite","@id":"https:\/\/walsergroup.com\/en\/#website","url":"https:\/\/walsergroup.com\/en\/","name":"WALSER - Ihr Spezialist f\u00fcr automotive Innenausstattung","description":"Die WALSER GmbH produziert und vertreibt seit 1977 hochwertige Artikel im Bereich Autozubeh\u00f6r, ... Heute geh\u00f6rt Walser zu den Marktf\u00fchrern der Branche.","publisher":{"@id":"https:\/\/walsergroup.com\/en\/#organization"},"potentialAction":[{"@type":"SearchAction","target":{"@type":"EntryPoint","urlTemplate":"https:\/\/walsergroup.com\/en\/?s={search_term_string}"},"query-input":{"@type":"PropertyValueSpecification","valueRequired":true,"valueName":"search_term_string"}}],"inLanguage":"en-US"},{"@type":"Organization","@id":"https:\/\/walsergroup.com\/en\/#organization","name":"WALSER - Ihr Spezialist f\u00fcr automotive Innenausstattung","url":"https:\/\/walsergroup.com\/en\/","logo":{"@type":"ImageObject","inLanguage":"en-US","@id":"https:\/\/walsergroup.com\/en\/#\/schema\/logo\/image\/","url":"https:\/\/walsergroup.com\/wp-content\/uploads\/2021\/06\/cropped-WALSER-Logo-DE-01-retina-1.png","contentUrl":"https:\/\/walsergroup.com\/wp-content\/uploads\/2021\/06\/cropped-WALSER-Logo-DE-01-retina-1.png","width":466,"height":200,"caption":"WALSER - Ihr Spezialist f\u00fcr automotive Innenausstattung"},"image":{"@id":"https:\/\/walsergroup.com\/en\/#\/schema\/logo\/image\/"}}]}},"_links":{"self":[{"href":"https:\/\/walsergroup.com\/en\/wp-json\/wp\/v2\/pages\/31195"}],"collection":[{"href":"https:\/\/walsergroup.com\/en\/wp-json\/wp\/v2\/pages"}],"about":[{"href":"https:\/\/walsergroup.com\/en\/wp-json\/wp\/v2\/types\/page"}],"author":[{"embeddable":true,"href":"https:\/\/walsergroup.com\/en\/wp-json\/wp\/v2\/users\/11"}],"replies":[{"embeddable":true,"href":"https:\/\/walsergroup.com\/en\/wp-json\/wp\/v2\/comments?post=31195"}],"version-history":[{"count":0,"href":"https:\/\/walsergroup.com\/en\/wp-json\/wp\/v2\/pages\/31195\/revisions"}],"up":[{"embeddable":true,"href":"https:\/\/walsergroup.com\/en\/wp-json\/wp\/v2\/pages\/3600"}],"wp:attachment":[{"href":"https:\/\/walsergroup.com\/en\/wp-json\/wp\/v2\/media?parent=31195"}],"curies":[{"name":"wp","href":"https:\/\/api.w.org\/{rel}","templated":true}]}}