{"id":31307,"date":"2024-10-25T11:26:49","date_gmt":"2024-10-25T09:26:49","guid":{"rendered":"https:\/\/walsergroup.com\/?page_id=31307"},"modified":"2024-11-05T13:26:10","modified_gmt":"2024-11-05T12:26:10","slug":"magazine","status":"publish","type":"page","link":"https:\/\/walsergroup.com\/en\/beitrag-template-en\/magazine\/","title":{"rendered":"Magazine"},"content":{"rendered":"\n<h1 class=\"wp-block-heading\">WALSER <strong>DriveSmart<\/strong><\/h1>\n\n\n\n<p class=\"has-medium-font-size\">Tips, trends, and information all about your vehicle<\/p>\n\n\n\n<div style=\"height:30px\" aria-hidden=\"true\" class=\"wp-block-spacer\"><\/div>\n\n\n\n<figure class=\"wp-block-image size-full\"><img loading=\"lazy\" decoding=\"async\" width=\"2500\" height=\"800\" src=\"https:\/\/walsergroup.com\/wp-content\/uploads\/2024\/11\/Drive-Smart-banner2500x800-V7-1.jpg\" alt=\"\" class=\"wp-image-31530\" srcset=\"https:\/\/walsergroup.com\/wp-content\/uploads\/2024\/11\/Drive-Smart-banner2500x800-V7-1.jpg 2500w, https:\/\/walsergroup.com\/wp-content\/uploads\/2024\/11\/Drive-Smart-banner2500x800-V7-1-300x96.jpg 300w, https:\/\/walsergroup.com\/wp-content\/uploads\/2024\/11\/Drive-Smart-banner2500x800-V7-1-1024x328.jpg 1024w, https:\/\/walsergroup.com\/wp-content\/uploads\/2024\/11\/Drive-Smart-banner2500x800-V7-1-768x246.jpg 768w, https:\/\/walsergroup.com\/wp-content\/uploads\/2024\/11\/Drive-Smart-banner2500x800-V7-1-1536x492.jpg 1536w, https:\/\/walsergroup.com\/wp-content\/uploads\/2024\/11\/Drive-Smart-banner2500x800-V7-1-2048x655.jpg 2048w, https:\/\/walsergroup.com\/wp-content\/uploads\/2024\/11\/Drive-Smart-banner2500x800-V7-1-150x48.jpg 150w, https:\/\/walsergroup.com\/wp-content\/uploads\/2024\/11\/Drive-Smart-banner2500x800-V7-1-480x154.jpg 480w\" sizes=\"(max-width:767px) 480px, (max-width:2500px) 100vw, 2500px\" \/><\/figure>\n\n\n\n<div style=\"height:60px\" aria-hidden=\"true\" class=\"wp-block-spacer\"><\/div>\n\n\n<ul class=\"wp-block-latest-posts__list is-grid columns-3 wp-block-latest-posts has-medium-font-size\"><li><div class=\"wp-block-latest-posts__featured-image\"><a href=\"https:\/\/walsergroup.com\/en\/seat-covers-must-be-compatible-with-airbags\/\" aria-label=\"Seat Covers Must Be Compatible with Airbags\"><img loading=\"lazy\" decoding=\"async\" width=\"886\" height=\"591\" src=\"https:\/\/walsergroup.com\/wp-content\/uploads\/2025\/04\/Magazin-pressefoto_pruefung-eines-seitenairbags-in-einem-labor-von-tuev-rheinland-2.jpg\" class=\"attachment-large size-large wp-post-image\" alt=\"\" style=\"\" srcset=\"https:\/\/walsergroup.com\/wp-content\/uploads\/2025\/04\/Magazin-pressefoto_pruefung-eines-seitenairbags-in-einem-labor-von-tuev-rheinland-2.jpg 886w, https:\/\/walsergroup.com\/wp-content\/uploads\/2025\/04\/Magazin-pressefoto_pruefung-eines-seitenairbags-in-einem-labor-von-tuev-rheinland-2-300x200.jpg 300w, https:\/\/walsergroup.com\/wp-content\/uploads\/2025\/04\/Magazin-pressefoto_pruefung-eines-seitenairbags-in-einem-labor-von-tuev-rheinland-2-768x512.jpg 768w, https:\/\/walsergroup.com\/wp-content\/uploads\/2025\/04\/Magazin-pressefoto_pruefung-eines-seitenairbags-in-einem-labor-von-tuev-rheinland-2-112x75.jpg 112w, https:\/\/walsergroup.com\/wp-content\/uploads\/2025\/04\/Magazin-pressefoto_pruefung-eines-seitenairbags-in-einem-labor-von-tuev-rheinland-2-480x320.jpg 480w\" sizes=\"(max-width:767px) 480px, (max-width:886px) 100vw, 886px\" \/><\/a><\/div><a class=\"wp-block-latest-posts__post-title\" href=\"https:\/\/walsergroup.com\/en\/seat-covers-must-be-compatible-with-airbags\/\">Seat Covers Must Be Compatible with Airbags<\/a><\/li>\n<li><div class=\"wp-block-latest-posts__featured-image\"><a href=\"https:\/\/walsergroup.com\/en\/car-mats-essential-components-for-vehicle-protection-and-safety\/\" aria-label=\"Car mats: Essential components for vehicle protection and safety\"><img loading=\"lazy\" decoding=\"async\" width=\"1024\" height=\"683\" src=\"https:\/\/walsergroup.com\/wp-content\/uploads\/2024\/10\/Bild1-1024x683.jpg\" class=\"attachment-large size-large wp-post-image\" alt=\"\" style=\"\" srcset=\"https:\/\/walsergroup.com\/wp-content\/uploads\/2024\/10\/Bild1-1024x683.jpg 1024w, https:\/\/walsergroup.com\/wp-content\/uploads\/2024\/10\/Bild1-300x200.jpg 300w, https:\/\/walsergroup.com\/wp-content\/uploads\/2024\/10\/Bild1-768x512.jpg 768w, https:\/\/walsergroup.com\/wp-content\/uploads\/2024\/10\/Bild1-112x75.jpg 112w, https:\/\/walsergroup.com\/wp-content\/uploads\/2024\/10\/Bild1-480x320.jpg 480w, https:\/\/walsergroup.com\/wp-content\/uploads\/2024\/10\/Bild1.jpg 1384w\" sizes=\"(max-width:767px) 480px, (max-width:1024px) 100vw, 1024px\" \/><\/a><\/div><a class=\"wp-block-latest-posts__post-title\" href=\"https:\/\/walsergroup.com\/en\/car-mats-essential-components-for-vehicle-protection-and-safety\/\">Car mats: Essential components for vehicle protection and safety<\/a><\/li>\n<li><div class=\"wp-block-latest-posts__featured-image\"><a href=\"https:\/\/walsergroup.com\/en\/child-booster-seats-in-transition-what-you-need-to-know-about-the-new-ece-r-129-standard\/\" aria-label=\"Child booster seats in transition: What you need to know about the new ECE R 129 standard\"><img loading=\"lazy\" decoding=\"async\" width=\"886\" height=\"591\" src=\"https:\/\/walsergroup.com\/wp-content\/uploads\/2024\/10\/Bild3.jpg\" class=\"attachment-large size-large wp-post-image\" alt=\"\" style=\"\" srcset=\"https:\/\/walsergroup.com\/wp-content\/uploads\/2024\/10\/Bild3.jpg 886w, https:\/\/walsergroup.com\/wp-content\/uploads\/2024\/10\/Bild3-300x200.jpg 300w, https:\/\/walsergroup.com\/wp-content\/uploads\/2024\/10\/Bild3-768x512.jpg 768w, https:\/\/walsergroup.com\/wp-content\/uploads\/2024\/10\/Bild3-112x75.jpg 112w, https:\/\/walsergroup.com\/wp-content\/uploads\/2024\/10\/Bild3-480x320.jpg 480w\" sizes=\"(max-width:767px) 480px, (max-width:886px) 100vw, 886px\" \/><\/a><\/div><a class=\"wp-block-latest-posts__post-title\" href=\"https:\/\/walsergroup.com\/en\/child-booster-seats-in-transition-what-you-need-to-know-about-the-new-ece-r-129-standard\/\">Child booster seats in transition: What you need to know about the new ECE R 129 standard<\/a><\/li>\n<li><div class=\"wp-block-latest-posts__featured-image\"><a href=\"https:\/\/walsergroup.com\/en\/indoor-car-tarpaulins-the-perfect-protection-for-your-car-in-the-garage\/\" aria-label=\"Indoor car tarpaulins: the perfect protection for your car in the garage\"><img loading=\"lazy\" decoding=\"async\" width=\"1024\" height=\"683\" src=\"https:\/\/walsergroup.com\/wp-content\/uploads\/2024\/10\/Bild4-1024x683.jpg\" class=\"attachment-large size-large wp-post-image\" alt=\"\" style=\"\" srcset=\"https:\/\/walsergroup.com\/wp-content\/uploads\/2024\/10\/Bild4-1024x683.jpg 1024w, https:\/\/walsergroup.com\/wp-content\/uploads\/2024\/10\/Bild4-300x200.jpg 300w, https:\/\/walsergroup.com\/wp-content\/uploads\/2024\/10\/Bild4-768x512.jpg 768w, https:\/\/walsergroup.com\/wp-content\/uploads\/2024\/10\/Bild4-113x75.jpg 113w, https:\/\/walsergroup.com\/wp-content\/uploads\/2024\/10\/Bild4-480x320.jpg 480w, https:\/\/walsergroup.com\/wp-content\/uploads\/2024\/10\/Bild4.jpg 1386w\" sizes=\"(max-width:767px) 480px, (max-width:1024px) 100vw, 1024px\" \/><\/a><\/div><a class=\"wp-block-latest-posts__post-title\" href=\"https:\/\/walsergroup.com\/en\/indoor-car-tarpaulins-the-perfect-protection-for-your-car-in-the-garage\/\">Indoor car tarpaulins: the perfect protection for your car in the garage<\/a><\/li>\n<\/ul>","protected":false},"excerpt":{"rendered":"<p><span class=\"excerpt-hellip\"> [\u2026]<\/span><\/p>\n","protected":false},"author":11,"featured_media":0,"parent":31542,"menu_order":0,"comment_status":"closed","ping_status":"closed","template":"","meta":{"inline_featured_image":false,"footnotes":""},"class_list":["post-31307","page","type-page","status-publish","hentry"],"yoast_head":"<!-- This site is optimized with the Yoast SEO plugin v24.3 - https:\/\/yoast.com\/wordpress\/plugins\/seo\/ -->\n<title>Magazine - WALSER - Ihr Spezialist f\u00fcr automotive Innenausstattung<\/title>\n<meta name=\"robots\" content=\"index, follow, max-snippet:-1, max-image-preview:large, max-video-preview:-1\" \/>\n<link rel=\"canonical\" href=\"https:\/\/walsergroup.com\/en\/beitrag-template-en\/magazine\/\" \/>\n<meta property=\"og:locale\" content=\"en_US\" \/>\n<meta property=\"og:type\" content=\"article\" \/>\n<meta property=\"og:title\" content=\"Magazine - WALSER - Ihr Spezialist f\u00fcr automotive Innenausstattung\" \/>\n<meta property=\"og:description\" content=\"[\u2026]\" \/>\n<meta property=\"og:url\" content=\"https:\/\/walsergroup.com\/en\/beitrag-template-en\/magazine\/\" \/>\n<meta property=\"og:site_name\" content=\"WALSER - Ihr Spezialist f\u00fcr automotive Innenausstattung\" \/>\n<meta property=\"article:modified_time\" content=\"2024-11-05T12:26:10+00:00\" \/>\n<meta property=\"og:image\" content=\"https:\/\/walsergroup.com\/wp-content\/uploads\/2024\/11\/Drive-Smart-banner2500x800-V7-1.jpg\" \/>\n<meta name=\"twitter:card\" content=\"summary_large_image\" \/>\n<script type=\"application\/ld+json\" class=\"yoast-schema-graph\">{\"@context\":\"https:\/\/schema.org\",\"@graph\":[{\"@type\":\"WebPage\",\"@id\":\"https:\/\/walsergroup.com\/en\/beitrag-template-en\/magazine\/\",\"url\":\"https:\/\/walsergroup.com\/en\/beitrag-template-en\/magazine\/\",\"name\":\"Magazine - WALSER - Ihr Spezialist f\u00fcr automotive Innenausstattung\",\"isPartOf\":{\"@id\":\"https:\/\/walsergroup.com\/en\/#website\"},\"primaryImageOfPage\":{\"@id\":\"https:\/\/walsergroup.com\/en\/beitrag-template-en\/magazine\/#primaryimage\"},\"image\":{\"@id\":\"https:\/\/walsergroup.com\/en\/beitrag-template-en\/magazine\/#primaryimage\"},\"thumbnailUrl\":\"https:\/\/walsergroup.com\/wp-content\/uploads\/2024\/11\/Drive-Smart-banner2500x800-V7-1.jpg\",\"datePublished\":\"2024-10-25T09:26:49+00:00\",\"dateModified\":\"2024-11-05T12:26:10+00:00\",\"breadcrumb\":{\"@id\":\"https:\/\/walsergroup.com\/en\/beitrag-template-en\/magazine\/#breadcrumb\"},\"inLanguage\":\"en-US\",\"potentialAction\":[{\"@type\":\"ReadAction\",\"target\":[\"https:\/\/walsergroup.com\/en\/beitrag-template-en\/magazine\/\"]}]},{\"@type\":\"ImageObject\",\"inLanguage\":\"en-US\",\"@id\":\"https:\/\/walsergroup.com\/en\/beitrag-template-en\/magazine\/#primaryimage\",\"url\":\"https:\/\/walsergroup.com\/wp-content\/uploads\/2024\/11\/Drive-Smart-banner2500x800-V7-1.jpg\",\"contentUrl\":\"https:\/\/walsergroup.com\/wp-content\/uploads\/2024\/11\/Drive-Smart-banner2500x800-V7-1.jpg\"},{\"@type\":\"BreadcrumbList\",\"@id\":\"https:\/\/walsergroup.com\/en\/beitrag-template-en\/magazine\/#breadcrumb\",\"itemListElement\":[{\"@type\":\"ListItem\",\"position\":1,\"name\":\"Startseite\",\"item\":\"https:\/\/walsergroup.com\/en\/walser-nur-das-beste-fuer-ihr-auto\/\"},{\"@type\":\"ListItem\",\"position\":2,\"name\":\"Beitrag-Template EN\",\"item\":\"https:\/\/walsergroup.com\/en\/image-hotspot-test-e02\/\"},{\"@type\":\"ListItem\",\"position\":3,\"name\":\"Magazine\"}]},{\"@type\":\"WebSite\",\"@id\":\"https:\/\/walsergroup.com\/en\/#website\",\"url\":\"https:\/\/walsergroup.com\/en\/\",\"name\":\"WALSER - Ihr Spezialist f\u00fcr automotive Innenausstattung\",\"description\":\"Die WALSER GmbH produziert und vertreibt seit 1977 hochwertige Artikel im Bereich Autozubeh\u00f6r, ... Heute geh\u00f6rt Walser zu den Marktf\u00fchrern der Branche.\",\"publisher\":{\"@id\":\"https:\/\/walsergroup.com\/en\/#organization\"},\"potentialAction\":[{\"@type\":\"SearchAction\",\"target\":{\"@type\":\"EntryPoint\",\"urlTemplate\":\"https:\/\/walsergroup.com\/en\/?s={search_term_string}\"},\"query-input\":{\"@type\":\"PropertyValueSpecification\",\"valueRequired\":true,\"valueName\":\"search_term_string\"}}],\"inLanguage\":\"en-US\"},{\"@type\":\"Organization\",\"@id\":\"https:\/\/walsergroup.com\/en\/#organization\",\"name\":\"WALSER - Ihr Spezialist f\u00fcr automotive Innenausstattung\",\"url\":\"https:\/\/walsergroup.com\/en\/\",\"logo\":{\"@type\":\"ImageObject\",\"inLanguage\":\"en-US\",\"@id\":\"https:\/\/walsergroup.com\/en\/#\/schema\/logo\/image\/\",\"url\":\"https:\/\/walsergroup.com\/wp-content\/uploads\/2021\/06\/cropped-WALSER-Logo-DE-01-retina-1.png\",\"contentUrl\":\"https:\/\/walsergroup.com\/wp-content\/uploads\/2021\/06\/cropped-WALSER-Logo-DE-01-retina-1.png\",\"width\":466,\"height\":200,\"caption\":\"WALSER - Ihr Spezialist f\u00fcr automotive Innenausstattung\"},\"image\":{\"@id\":\"https:\/\/walsergroup.com\/en\/#\/schema\/logo\/image\/\"}}]}<\/script>\n<!-- \/ Yoast SEO plugin. -->","yoast_head_json":{"title":"Magazine - WALSER - Ihr Spezialist f\u00fcr automotive Innenausstattung","robots":{"index":"index","follow":"follow","max-snippet":"max-snippet:-1","max-image-preview":"max-image-preview:large","max-video-preview":"max-video-preview:-1"},"canonical":"https:\/\/walsergroup.com\/en\/beitrag-template-en\/magazine\/","og_locale":"en_US","og_type":"article","og_title":"Magazine - WALSER - Ihr Spezialist f\u00fcr automotive Innenausstattung","og_description":"[\u2026]","og_url":"https:\/\/walsergroup.com\/en\/beitrag-template-en\/magazine\/","og_site_name":"WALSER - Ihr Spezialist f\u00fcr automotive Innenausstattung","article_modified_time":"2024-11-05T12:26:10+00:00","og_image":[{"url":"https:\/\/walsergroup.com\/wp-content\/uploads\/2024\/11\/Drive-Smart-banner2500x800-V7-1.jpg","type":"","width":"","height":""}],"twitter_card":"summary_large_image","schema":{"@context":"https:\/\/schema.org","@graph":[{"@type":"WebPage","@id":"https:\/\/walsergroup.com\/en\/beitrag-template-en\/magazine\/","url":"https:\/\/walsergroup.com\/en\/beitrag-template-en\/magazine\/","name":"Magazine - WALSER - Ihr Spezialist f\u00fcr automotive Innenausstattung","isPartOf":{"@id":"https:\/\/walsergroup.com\/en\/#website"},"primaryImageOfPage":{"@id":"https:\/\/walsergroup.com\/en\/beitrag-template-en\/magazine\/#primaryimage"},"image":{"@id":"https:\/\/walsergroup.com\/en\/beitrag-template-en\/magazine\/#primaryimage"},"thumbnailUrl":"https:\/\/walsergroup.com\/wp-content\/uploads\/2024\/11\/Drive-Smart-banner2500x800-V7-1.jpg","datePublished":"2024-10-25T09:26:49+00:00","dateModified":"2024-11-05T12:26:10+00:00","breadcrumb":{"@id":"https:\/\/walsergroup.com\/en\/beitrag-template-en\/magazine\/#breadcrumb"},"inLanguage":"en-US","potentialAction":[{"@type":"ReadAction","target":["https:\/\/walsergroup.com\/en\/beitrag-template-en\/magazine\/"]}]},{"@type":"ImageObject","inLanguage":"en-US","@id":"https:\/\/walsergroup.com\/en\/beitrag-template-en\/magazine\/#primaryimage","url":"https:\/\/walsergroup.com\/wp-content\/uploads\/2024\/11\/Drive-Smart-banner2500x800-V7-1.jpg","contentUrl":"https:\/\/walsergroup.com\/wp-content\/uploads\/2024\/11\/Drive-Smart-banner2500x800-V7-1.jpg"},{"@type":"BreadcrumbList","@id":"https:\/\/walsergroup.com\/en\/beitrag-template-en\/magazine\/#breadcrumb","itemListElement":[{"@type":"ListItem","position":1,"name":"Startseite","item":"https:\/\/walsergroup.com\/en\/walser-nur-das-beste-fuer-ihr-auto\/"},{"@type":"ListItem","position":2,"name":"Beitrag-Template EN","item":"https:\/\/walsergroup.com\/en\/image-hotspot-test-e02\/"},{"@type":"ListItem","position":3,"name":"Magazine"}]},{"@type":"WebSite","@id":"https:\/\/walsergroup.com\/en\/#website","url":"https:\/\/walsergroup.com\/en\/","name":"WALSER - Ihr Spezialist f\u00fcr automotive Innenausstattung","description":"Die WALSER GmbH produziert und vertreibt seit 1977 hochwertige Artikel im Bereich Autozubeh\u00f6r, ... Heute geh\u00f6rt Walser zu den Marktf\u00fchrern der Branche.","publisher":{"@id":"https:\/\/walsergroup.com\/en\/#organization"},"potentialAction":[{"@type":"SearchAction","target":{"@type":"EntryPoint","urlTemplate":"https:\/\/walsergroup.com\/en\/?s={search_term_string}"},"query-input":{"@type":"PropertyValueSpecification","valueRequired":true,"valueName":"search_term_string"}}],"inLanguage":"en-US"},{"@type":"Organization","@id":"https:\/\/walsergroup.com\/en\/#organization","name":"WALSER - Ihr Spezialist f\u00fcr automotive Innenausstattung","url":"https:\/\/walsergroup.com\/en\/","logo":{"@type":"ImageObject","inLanguage":"en-US","@id":"https:\/\/walsergroup.com\/en\/#\/schema\/logo\/image\/","url":"https:\/\/walsergroup.com\/wp-content\/uploads\/2021\/06\/cropped-WALSER-Logo-DE-01-retina-1.png","contentUrl":"https:\/\/walsergroup.com\/wp-content\/uploads\/2021\/06\/cropped-WALSER-Logo-DE-01-retina-1.png","width":466,"height":200,"caption":"WALSER - Ihr Spezialist f\u00fcr automotive Innenausstattung"},"image":{"@id":"https:\/\/walsergroup.com\/en\/#\/schema\/logo\/image\/"}}]}},"_links":{"self":[{"href":"https:\/\/walsergroup.com\/en\/wp-json\/wp\/v2\/pages\/31307"}],"collection":[{"href":"https:\/\/walsergroup.com\/en\/wp-json\/wp\/v2\/pages"}],"about":[{"href":"https:\/\/walsergroup.com\/en\/wp-json\/wp\/v2\/types\/page"}],"author":[{"embeddable":true,"href":"https:\/\/walsergroup.com\/en\/wp-json\/wp\/v2\/users\/11"}],"replies":[{"embeddable":true,"href":"https:\/\/walsergroup.com\/en\/wp-json\/wp\/v2\/comments?post=31307"}],"version-history":[{"count":10,"href":"https:\/\/walsergroup.com\/en\/wp-json\/wp\/v2\/pages\/31307\/revisions"}],"predecessor-version":[{"id":31651,"href":"https:\/\/walsergroup.com\/en\/wp-json\/wp\/v2\/pages\/31307\/revisions\/31651"}],"up":[{"embeddable":true,"href":"https:\/\/walsergroup.com\/en\/wp-json\/wp\/v2\/pages\/31542"}],"wp:attachment":[{"href":"https:\/\/walsergroup.com\/en\/wp-json\/wp\/v2\/media?parent=31307"}],"curies":[{"name":"wp","href":"https:\/\/api.w.org\/{rel}","templated":true}]}}