{"id":3211,"date":"2019-10-31T15:54:56","date_gmt":"2019-10-31T14:54:56","guid":{"rendered":"https:\/\/walsergroup.com\/?page_id=3211"},"modified":"2019-10-31T15:56:23","modified_gmt":"2019-10-31T14:56:23","slug":"services","status":"publish","type":"page","link":"https:\/\/walsergroup.com\/en\/services\/","title":{"rendered":"Services"},"content":{"rendered":"<div class=\"wpb-content-wrapper\"><p>[vc_row][vc_column][vc_single_image image=&#8221;2456&#8243; img_size=&#8221;full&#8221;][\/vc_column][\/vc_row][vc_row][vc_column][vc_column_text]<\/p>\n<h1 style=\"text-align: center;\">Services for Logistic &amp; Mail Order<\/h1>\n<p>[\/vc_column_text][vc_column_text]<\/p>\n<p style=\"text-align: center;\">New distribution channels require new tailor-made logistics solutions. To meet the new requirements our logistics hub in the heart of Europe is the perfect base. From Gallin we make sure that our customers in Northern and Eastern Europe get the best service and we can keep our lead and delivery times as short as possible.<\/p>\n<h5 style=\"text-align: center;\"><\/h5>\n<p>[\/vc_column_text][vc_separator color=&#8221;custom&#8221; style=&#8221;dashed&#8221; border_width=&#8221;2&#8243; accent_color=&#8221;#a82626&#8243; css=&#8221;.vc_custom_1570105574246{padding-top: 25px !important;padding-bottom: 25px !important;}&#8221;][vc_column_text]<\/p>\n<h3>We offer the following logistics services, using high-end IT and storage technologies:<\/h3>\n<p>[\/vc_column_text][\/vc_column][\/vc_row][vc_row][vc_column width=&#8221;1\/3&#8243;]<div class=\"list_item lists_2 clearfix\"><div class=\"list_left list_image\"><img loading=\"lazy\" decoding=\"async\" src=\"https:\/\/walsergroup.com\/wp-content\/uploads\/2019\/10\/icon-hacken-4.jpg\" class=\"scale-with-grid\" alt=\"icon-hacken\" width=\"59\" height=\"59\"\/><\/div><div class=\"list_right\"><h4 class=\"title\">WMS<\/h4><div class=\"desc\">Warehouse Management System<\/div><\/div><\/div>\n[\/vc_column][vc_column width=&#8221;1\/3&#8243;]<div class=\"list_item lists_2 clearfix\"><div class=\"list_left list_image\"><img loading=\"lazy\" decoding=\"async\" src=\"https:\/\/walsergroup.com\/wp-content\/uploads\/2019\/10\/icon-hacken-4.jpg\" class=\"scale-with-grid\" alt=\"icon-hacken\" width=\"59\" height=\"59\"\/><\/div><div class=\"list_right\"><h4 class=\"title\">Rental<\/h4><div class=\"desc\">of warehouse space and pallet spaces<\/div><\/div><\/div>\n[\/vc_column][vc_column width=&#8221;1\/3&#8243;]<div class=\"list_item lists_2 clearfix\"><div class=\"list_left list_image\"><img loading=\"lazy\" decoding=\"async\" src=\"https:\/\/walsergroup.com\/wp-content\/uploads\/2019\/10\/icon-hacken-4.jpg\" class=\"scale-with-grid\" alt=\"icon-hacken\" width=\"59\" height=\"59\"\/><\/div><div class=\"list_right\"><h4 class=\"title\">In- &amp; Outbound Logistics<\/h4><div class=\"desc\">incl. all upstream and downstream operations, such as picking of cartons, displays and pallets.<\/div><\/div><\/div>\n[\/vc_column][\/vc_row][vc_row][vc_column width=&#8221;1\/3&#8243;]<div class=\"list_item lists_2 clearfix\"><div class=\"list_left list_image\"><img loading=\"lazy\" decoding=\"async\" src=\"https:\/\/walsergroup.com\/wp-content\/uploads\/2019\/10\/icon-hacken-4.jpg\" class=\"scale-with-grid\" alt=\"icon-hacken\" width=\"59\" height=\"59\"\/><\/div><div class=\"list_right\"><h4 class=\"title\">Goods acceptance<\/h4><div class=\"desc\">in every form (truck, pallets, containers, packages)<\/div><\/div><\/div>\n[\/vc_column][vc_column width=&#8221;1\/3&#8243;]<div class=\"list_item lists_2 clearfix\"><div class=\"list_left list_image\"><img loading=\"lazy\" decoding=\"async\" src=\"https:\/\/walsergroup.com\/wp-content\/uploads\/2019\/10\/icon-hacken-4.jpg\" class=\"scale-with-grid\" alt=\"icon-hacken\" width=\"59\" height=\"59\"\/><\/div><div class=\"list_right\"><h4 class=\"title\">Incoming Goods<\/h4><div class=\"desc\">inspections according to individual requirements<\/div><\/div><\/div>\n[\/vc_column][vc_column width=&#8221;1\/3&#8243;]<div class=\"list_item lists_2 clearfix\"><div class=\"list_left list_image\"><img loading=\"lazy\" decoding=\"async\" src=\"https:\/\/walsergroup.com\/wp-content\/uploads\/2019\/10\/icon-hacken-4.jpg\" class=\"scale-with-grid\" alt=\"icon-hacken\" width=\"59\" height=\"59\"\/><\/div><div class=\"list_right\"><h4 class=\"title\">Drop-Ship Processes<\/h4><div class=\"desc\">Direct Completion<\/div><\/div><\/div>\n[\/vc_column][\/vc_row][vc_row][vc_column width=&#8221;1\/3&#8243;]<div class=\"list_item lists_2 clearfix\"><div class=\"list_left list_image\"><img loading=\"lazy\" decoding=\"async\" src=\"https:\/\/walsergroup.com\/wp-content\/uploads\/2019\/10\/icon-hacken-4.jpg\" class=\"scale-with-grid\" alt=\"icon-hacken\" width=\"59\" height=\"59\"\/><\/div><div class=\"list_right\"><h4 class=\"title\">Outgoing Goods<\/h4><div class=\"desc\">in packages, pallets, displays<\/div><\/div><\/div>\n[\/vc_column][vc_column width=&#8221;1\/3&#8243;]<div class=\"list_item lists_2 clearfix\"><div class=\"list_left list_image\"><img loading=\"lazy\" decoding=\"async\" src=\"https:\/\/walsergroup.com\/wp-content\/uploads\/2019\/10\/icon-hacken-4.jpg\" class=\"scale-with-grid\" alt=\"icon-hacken\" width=\"59\" height=\"59\"\/><\/div><div class=\"list_right\"><h4 class=\"title\">Examine Returns,<\/h4><div class=\"desc\">prepare or only process them (un-, repack or new packaging)<\/div><\/div><\/div>\n[\/vc_column][\/vc_row][vc_row][vc_column][vc_separator color=&#8221;custom&#8221; style=&#8221;dashed&#8221; border_width=&#8221;2&#8243; accent_color=&#8221;#a82626&#8243; css=&#8221;.vc_custom_1570105574246{padding-top: 25px !important;padding-bottom: 25px !important;}&#8221;][\/vc_column][\/vc_row][vc_row][vc_column][vc_column_text]<\/p>\n<h3>Impressionen from Gallin:<\/h3>\n<p>[\/vc_column_text][\/vc_column][\/vc_row][vc_row][vc_column width=&#8221;1\/2&#8243;][vc_single_image image=&#8221;3368&#8243; img_size=&#8221;full&#8221; onclick=&#8221;link_image&#8221;][\/vc_column][vc_column width=&#8221;1\/2&#8243;][vc_single_image image=&#8221;3370&#8243; img_size=&#8221;full&#8221; onclick=&#8221;link_image&#8221;][\/vc_column][\/vc_row][vc_row][vc_column width=&#8221;1\/3&#8243;][vc_single_image image=&#8221;3348&#8243; img_size=&#8221;full&#8221; onclick=&#8221;link_image&#8221;][\/vc_column][vc_column width=&#8221;1\/3&#8243;][vc_single_image image=&#8221;3351&#8243; img_size=&#8221;full&#8221; onclick=&#8221;link_image&#8221;][\/vc_column][vc_column width=&#8221;1\/3&#8243;][vc_single_image image=&#8221;3355&#8243; img_size=&#8221;full&#8221; onclick=&#8221;link_image&#8221;][\/vc_column][\/vc_row][vc_row][vc_column width=&#8221;1\/3&#8243;][vc_single_image image=&#8221;3357&#8243; img_size=&#8221;full&#8221; onclick=&#8221;link_image&#8221;][\/vc_column][vc_column width=&#8221;1\/3&#8243;][vc_single_image image=&#8221;3067&#8243; img_size=&#8221;full&#8221; onclick=&#8221;link_image&#8221;][\/vc_column][vc_column width=&#8221;1\/3&#8243;][vc_single_image image=&#8221;3359&#8243; img_size=&#8221;full&#8221; onclick=&#8221;link_image&#8221;][\/vc_column][\/vc_row]<\/p>\n<\/div>","protected":false},"excerpt":{"rendered":"<p><span class=\"excerpt-hellip\"> [\u2026]<\/span><\/p>\n","protected":false},"author":1,"featured_media":0,"parent":0,"menu_order":0,"comment_status":"closed","ping_status":"closed","template":"","meta":{"inline_featured_image":false,"footnotes":""},"class_list":["post-3211","page","type-page","status-publish","hentry"],"yoast_head":"<!-- This site is optimized with the Yoast SEO plugin v24.3 - https:\/\/yoast.com\/wordpress\/plugins\/seo\/ -->\n<title>Services - WALSER - Ihr Spezialist f\u00fcr automotive Innenausstattung<\/title>\n<meta name=\"robots\" content=\"index, follow, max-snippet:-1, max-image-preview:large, max-video-preview:-1\" \/>\n<link rel=\"canonical\" href=\"https:\/\/walsergroup.com\/en\/services\/\" \/>\n<meta property=\"og:locale\" content=\"en_US\" \/>\n<meta property=\"og:type\" content=\"article\" \/>\n<meta property=\"og:title\" content=\"Services - WALSER - Ihr Spezialist f\u00fcr automotive Innenausstattung\" \/>\n<meta property=\"og:description\" content=\"[\u2026]\" \/>\n<meta property=\"og:url\" content=\"https:\/\/walsergroup.com\/en\/services\/\" \/>\n<meta property=\"og:site_name\" content=\"WALSER - Ihr Spezialist f\u00fcr automotive Innenausstattung\" \/>\n<meta property=\"article:modified_time\" content=\"2019-10-31T14:56:23+00:00\" \/>\n<meta name=\"twitter:card\" content=\"summary_large_image\" \/>\n<meta name=\"twitter:label1\" content=\"Est. reading time\" \/>\n\t<meta name=\"twitter:data1\" content=\"2 minutes\" \/>\n<script type=\"application\/ld+json\" class=\"yoast-schema-graph\">{\"@context\":\"https:\/\/schema.org\",\"@graph\":[{\"@type\":\"WebPage\",\"@id\":\"https:\/\/walsergroup.com\/en\/services\/\",\"url\":\"https:\/\/walsergroup.com\/en\/services\/\",\"name\":\"Services - WALSER - Ihr Spezialist f\u00fcr automotive Innenausstattung\",\"isPartOf\":{\"@id\":\"https:\/\/walsergroup.com\/en\/#website\"},\"datePublished\":\"2019-10-31T14:54:56+00:00\",\"dateModified\":\"2019-10-31T14:56:23+00:00\",\"breadcrumb\":{\"@id\":\"https:\/\/walsergroup.com\/en\/services\/#breadcrumb\"},\"inLanguage\":\"en-US\",\"potentialAction\":[{\"@type\":\"ReadAction\",\"target\":[\"https:\/\/walsergroup.com\/en\/services\/\"]}]},{\"@type\":\"BreadcrumbList\",\"@id\":\"https:\/\/walsergroup.com\/en\/services\/#breadcrumb\",\"itemListElement\":[{\"@type\":\"ListItem\",\"position\":1,\"name\":\"Startseite\",\"item\":\"https:\/\/walsergroup.com\/en\/walser-nur-das-beste-fuer-ihr-auto\/\"},{\"@type\":\"ListItem\",\"position\":2,\"name\":\"Services\"}]},{\"@type\":\"WebSite\",\"@id\":\"https:\/\/walsergroup.com\/en\/#website\",\"url\":\"https:\/\/walsergroup.com\/en\/\",\"name\":\"WALSER - Ihr Spezialist f\u00fcr automotive Innenausstattung\",\"description\":\"Die WALSER GmbH produziert und vertreibt seit 1977 hochwertige Artikel im Bereich Autozubeh\u00f6r, ... Heute geh\u00f6rt Walser zu den Marktf\u00fchrern der Branche.\",\"publisher\":{\"@id\":\"https:\/\/walsergroup.com\/en\/#organization\"},\"potentialAction\":[{\"@type\":\"SearchAction\",\"target\":{\"@type\":\"EntryPoint\",\"urlTemplate\":\"https:\/\/walsergroup.com\/en\/?s={search_term_string}\"},\"query-input\":{\"@type\":\"PropertyValueSpecification\",\"valueRequired\":true,\"valueName\":\"search_term_string\"}}],\"inLanguage\":\"en-US\"},{\"@type\":\"Organization\",\"@id\":\"https:\/\/walsergroup.com\/en\/#organization\",\"name\":\"WALSER - Ihr Spezialist f\u00fcr automotive Innenausstattung\",\"url\":\"https:\/\/walsergroup.com\/en\/\",\"logo\":{\"@type\":\"ImageObject\",\"inLanguage\":\"en-US\",\"@id\":\"https:\/\/walsergroup.com\/en\/#\/schema\/logo\/image\/\",\"url\":\"https:\/\/walsergroup.com\/wp-content\/uploads\/2021\/06\/cropped-WALSER-Logo-DE-01-retina-1.png\",\"contentUrl\":\"https:\/\/walsergroup.com\/wp-content\/uploads\/2021\/06\/cropped-WALSER-Logo-DE-01-retina-1.png\",\"width\":466,\"height\":200,\"caption\":\"WALSER - Ihr Spezialist f\u00fcr automotive Innenausstattung\"},\"image\":{\"@id\":\"https:\/\/walsergroup.com\/en\/#\/schema\/logo\/image\/\"}}]}<\/script>\n<!-- \/ Yoast SEO plugin. -->","yoast_head_json":{"title":"Services - WALSER - Ihr Spezialist f\u00fcr automotive Innenausstattung","robots":{"index":"index","follow":"follow","max-snippet":"max-snippet:-1","max-image-preview":"max-image-preview:large","max-video-preview":"max-video-preview:-1"},"canonical":"https:\/\/walsergroup.com\/en\/services\/","og_locale":"en_US","og_type":"article","og_title":"Services - WALSER - Ihr Spezialist f\u00fcr automotive Innenausstattung","og_description":"[\u2026]","og_url":"https:\/\/walsergroup.com\/en\/services\/","og_site_name":"WALSER - Ihr Spezialist f\u00fcr automotive Innenausstattung","article_modified_time":"2019-10-31T14:56:23+00:00","twitter_card":"summary_large_image","twitter_misc":{"Est. reading time":"2 minutes"},"schema":{"@context":"https:\/\/schema.org","@graph":[{"@type":"WebPage","@id":"https:\/\/walsergroup.com\/en\/services\/","url":"https:\/\/walsergroup.com\/en\/services\/","name":"Services - WALSER - Ihr Spezialist f\u00fcr automotive Innenausstattung","isPartOf":{"@id":"https:\/\/walsergroup.com\/en\/#website"},"datePublished":"2019-10-31T14:54:56+00:00","dateModified":"2019-10-31T14:56:23+00:00","breadcrumb":{"@id":"https:\/\/walsergroup.com\/en\/services\/#breadcrumb"},"inLanguage":"en-US","potentialAction":[{"@type":"ReadAction","target":["https:\/\/walsergroup.com\/en\/services\/"]}]},{"@type":"BreadcrumbList","@id":"https:\/\/walsergroup.com\/en\/services\/#breadcrumb","itemListElement":[{"@type":"ListItem","position":1,"name":"Startseite","item":"https:\/\/walsergroup.com\/en\/walser-nur-das-beste-fuer-ihr-auto\/"},{"@type":"ListItem","position":2,"name":"Services"}]},{"@type":"WebSite","@id":"https:\/\/walsergroup.com\/en\/#website","url":"https:\/\/walsergroup.com\/en\/","name":"WALSER - Ihr Spezialist f\u00fcr automotive Innenausstattung","description":"Die WALSER GmbH produziert und vertreibt seit 1977 hochwertige Artikel im Bereich Autozubeh\u00f6r, ... Heute geh\u00f6rt Walser zu den Marktf\u00fchrern der Branche.","publisher":{"@id":"https:\/\/walsergroup.com\/en\/#organization"},"potentialAction":[{"@type":"SearchAction","target":{"@type":"EntryPoint","urlTemplate":"https:\/\/walsergroup.com\/en\/?s={search_term_string}"},"query-input":{"@type":"PropertyValueSpecification","valueRequired":true,"valueName":"search_term_string"}}],"inLanguage":"en-US"},{"@type":"Organization","@id":"https:\/\/walsergroup.com\/en\/#organization","name":"WALSER - Ihr Spezialist f\u00fcr automotive Innenausstattung","url":"https:\/\/walsergroup.com\/en\/","logo":{"@type":"ImageObject","inLanguage":"en-US","@id":"https:\/\/walsergroup.com\/en\/#\/schema\/logo\/image\/","url":"https:\/\/walsergroup.com\/wp-content\/uploads\/2021\/06\/cropped-WALSER-Logo-DE-01-retina-1.png","contentUrl":"https:\/\/walsergroup.com\/wp-content\/uploads\/2021\/06\/cropped-WALSER-Logo-DE-01-retina-1.png","width":466,"height":200,"caption":"WALSER - Ihr Spezialist f\u00fcr automotive Innenausstattung"},"image":{"@id":"https:\/\/walsergroup.com\/en\/#\/schema\/logo\/image\/"}}]}},"_links":{"self":[{"href":"https:\/\/walsergroup.com\/en\/wp-json\/wp\/v2\/pages\/3211"}],"collection":[{"href":"https:\/\/walsergroup.com\/en\/wp-json\/wp\/v2\/pages"}],"about":[{"href":"https:\/\/walsergroup.com\/en\/wp-json\/wp\/v2\/types\/page"}],"author":[{"embeddable":true,"href":"https:\/\/walsergroup.com\/en\/wp-json\/wp\/v2\/users\/1"}],"replies":[{"embeddable":true,"href":"https:\/\/walsergroup.com\/en\/wp-json\/wp\/v2\/comments?post=3211"}],"version-history":[{"count":0,"href":"https:\/\/walsergroup.com\/en\/wp-json\/wp\/v2\/pages\/3211\/revisions"}],"wp:attachment":[{"href":"https:\/\/walsergroup.com\/en\/wp-json\/wp\/v2\/media?parent=3211"}],"curies":[{"name":"wp","href":"https:\/\/api.w.org\/{rel}","templated":true}]}}