{"id":3600,"date":"2019-10-31T15:45:43","date_gmt":"2019-10-31T14:45:43","guid":{"rendered":"https:\/\/walsergroup.com\/?page_id=3600"},"modified":"2019-10-31T16:08:58","modified_gmt":"2019-10-31T15:08:58","slug":"logistic","status":"publish","type":"page","link":"https:\/\/walsergroup.com\/en\/logistic\/","title":{"rendered":"Logistic"},"content":{"rendered":"<div class=\"wpb-content-wrapper\"><p>[vc_row][vc_column][vc_single_image image=&#8221;3343&#8243; img_size=&#8221;full&#8221;][\/vc_column][\/vc_row][vc_row][vc_column][vc_column_text]<\/p>\n<h1 style=\"text-align: center;\"><strong>Wellcome to WALSER Logistic<\/strong><\/h1>\n<p>[\/vc_column_text][vc_column_text]<\/p>\n<p style=\"text-align: center;\">With the development of the logistics hub Gallin, east of Hamburg, WALSER has set an important milestone to optimally solve current and future challenges. All processes are integrated into the day-to-day business from WALSER and therefore well implemented and approved in practice. Many years of experience are an important prerequisite to pass on potential cost and time advantages to you as our customer.<\/p>\n<p>[\/vc_column_text][\/vc_column][\/vc_row][vc_row][vc_column width=&#8221;1\/4&#8243;][vc_icon icon_fontawesome=&#8221;fa fa-bus&#8221; color=&#8221;custom&#8221; background_style=&#8221;rounded&#8221; background_color=&#8221;custom&#8221; size=&#8221;lg&#8221; align=&#8221;center&#8221; custom_color=&#8221;#ffffff&#8221; custom_background_color=&#8221;#a32323&#8243;][vc_column_text css=&#8221;.vc_custom_1572532539288{margin-top: -20px !important;}&#8221;]<\/p>\n<h5 style=\"text-align: center;\">Conveniently located on the A24 at Gallin<\/h5>\n<p>[\/vc_column_text][\/vc_column][vc_column width=&#8221;1\/4&#8243;][vc_icon icon_fontawesome=&#8221;fa fa-clock-o&#8221; color=&#8221;white&#8221; background_style=&#8221;rounded&#8221; background_color=&#8221;custom&#8221; size=&#8221;lg&#8221; align=&#8221;center&#8221; custom_background_color=&#8221;#a32323&#8243;][vc_column_text css=&#8221;.vc_custom_1572532548434{margin-top: -20px !important;}&#8221;]<\/p>\n<h5 style=\"text-align: center;\">Top service to our customers<\/h5>\n<p>[\/vc_column_text][\/vc_column][vc_column width=&#8221;1\/4&#8243;][vc_icon type=&#8221;entypo&#8221; icon_entypo=&#8221;entypo-icon entypo-icon-flow-tree&#8221; color=&#8221;white&#8221; background_style=&#8221;rounded&#8221; background_color=&#8221;custom&#8221; size=&#8221;lg&#8221; align=&#8221;center&#8221; custom_background_color=&#8221;#a32323&#8243;][vc_column_text css=&#8221;.vc_custom_1572532557848{margin-top: -20px !important;}&#8221;]<\/p>\n<h5 style=\"text-align: center;\">Modern logistic center<\/h5>\n<p>[\/vc_column_text][\/vc_column][vc_column width=&#8221;1\/4&#8243;][vc_icon type=&#8221;material&#8221; icon_material=&#8221;vc-material vc-material-border_bottom&#8221; color=&#8221;white&#8221; background_style=&#8221;rounded&#8221; background_color=&#8221;custom&#8221; size=&#8221;lg&#8221; align=&#8221;center&#8221; custom_background_color=&#8221;#a32323&#8243;][vc_column_text css=&#8221;.vc_custom_1572532568185{margin-top: -20px !important;}&#8221;]<\/p>\n<h5 style=\"text-align: center;\">16.000 pallet spaces<\/h5>\n<p>[\/vc_column_text][\/vc_column][\/vc_row][vc_row][vc_column][vc_separator color=&#8221;custom&#8221; style=&#8221;dashed&#8221; border_width=&#8221;2&#8243; accent_color=&#8221;#aa2727&#8243; css=&#8221;.vc_custom_1570108131956{padding-top: 25px !important;padding-bottom: 25px !important;}&#8221;][\/vc_column][\/vc_row][vc_row][vc_column width=&#8221;1\/2&#8243; css=&#8221;.vc_custom_1554420090599{margin-bottom: 40px !important;}&#8221;][vc_single_image image=&#8221;2954&#8243; img_size=&#8221;full&#8221; onclick=&#8221;custom_link&#8221; link=&#8221;https:\/\/walsergroup.com\/en\/services\/&#8221;][vc_column_text]<\/p>\n<h3>Services<\/h3>\n<p>Through modern IT and warehouse technologies and constant advancements of our processes, we meet the growing challenges of the market and offer you customized logistics solutions.<\/p>\n<p><a class=\"button  has-icon button_left button_size_2\" href=\"https:\/\/www.walsergroup.com\/en\/services\" style=\"background-color:#ab0f12!important;color:#fff;\"   download=\"_blank\" ><span class=\"button_icon\"><i class=\"icon-right-thin\"  style=\"color:#fff!important;\" aria-hidden=\"true\"><\/i><\/span><span class=\"button_label\">more<\/span><\/a>\n[\/vc_column_text][\/vc_column][vc_column width=&#8221;1\/2&#8243;][vc_single_image image=&#8221;3246&#8243; img_size=&#8221;full&#8221; onclick=&#8221;custom_link&#8221; link=&#8221;https:\/\/walsergroup.com\/en\/business-solutions\/&#8221;][vc_column_text]<\/p>\n<h3>Business Solutions<\/h3>\n<p>We have developed specific processes and logistics solutions for the various industries in order to meet the requirements of the respective business areas.<\/p>\n<p><a class=\"button  has-icon button_left button_size_2\" href=\"https:\/\/walsergroup.com\/en\/business-solution\" style=\"background-color:#ab0f12!important;color:#fff;\"  rel=\"_blank\"  ><span class=\"button_icon\"><i class=\"icon-right-thin\"  style=\"color:#fff!important;\" aria-hidden=\"true\"><\/i><\/span><span class=\"button_label\">more<\/span><\/a>\n[\/vc_column_text][\/vc_column][\/vc_row][vc_row][vc_column][vc_separator color=&#8221;custom&#8221; style=&#8221;dashed&#8221; border_width=&#8221;2&#8243; accent_color=&#8221;#aa2727&#8243; css=&#8221;.vc_custom_1570108131956{padding-top: 25px !important;padding-bottom: 25px !important;}&#8221;][\/vc_column][\/vc_row][vc_row][vc_column width=&#8221;1\/4&#8243;][vc_single_image image=&#8221;2960&#8243; img_size=&#8221;large&#8221;][\/vc_column][vc_column width=&#8221;1\/4&#8243; css=&#8221;.vc_custom_1570602882195{margin-left: -15px !important;}&#8221;][vc_column_text]<span style=\"color: #000000;\"><strong>Warehouse Gallin<\/strong><\/span><\/p>\n<ul>\n<li>Excellent location east of Hamburg (main traffic axis Hamburg-Berlin)<\/li>\n<li>12,000 sqm of floor space with 16,000 pallet spaces<\/li>\n<li>New Galliner Ring 8, 19258 Gallin, DE<\/li>\n<\/ul>\n<p>[\/vc_column_text][\/vc_column][vc_column width=&#8221;1\/4&#8243;][vc_single_image image=&#8221;1233&#8243; img_size=&#8221;large&#8221;][\/vc_column][vc_column width=&#8221;1\/4&#8243; css=&#8221;.vc_custom_1570602897937{margin-left: -15px !important;}&#8221;][vc_column_text]<span style=\"color: #000000;\"><strong>Warehouse Hohenems<\/strong><\/span><\/p>\n<ul>\n<li>Excellent location in the Rhine delta \/ 4 border region: AT, CH, DE, IT<\/li>\n<li>1,000 sqm of floor space with 800 pallet spaces<\/li>\n<li>Radetzkystra\u00dfe 114, 6845 Hohenems, AT<\/li>\n<\/ul>\n<p>[\/vc_column_text][\/vc_column][\/vc_row][vc_row][vc_column][vc_separator color=&#8221;custom&#8221; style=&#8221;dashed&#8221; border_width=&#8221;2&#8243; accent_color=&#8221;#aa2727&#8243; css=&#8221;.vc_custom_1570108131956{padding-top: 25px !important;padding-bottom: 25px !important;}&#8221;][\/vc_column][\/vc_row][vc_row][vc_column][vc_column_text]<\/p>\n<h3>We distribute to 30 countries in europe:<\/h3>\n<p>[\/vc_column_text][\/vc_column][\/vc_row][vc_row css=&#8221;.vc_custom_1570709033767{padding-bottom: 30px !important;}&#8221;][vc_column][vc_hoverbox image=&#8221;3170&#8243; primary_title=&#8221;Hier klicken und Land finden.&#8221; primary_align=&#8221;left&#8221; primary_title_font_container=&#8221;color:%23dd3333&#8243; primary_title_google_fonts=&#8221;font_family:Roboto%3A100%2C100italic%2C300%2C300italic%2Cregular%2Citalic%2C500%2C500italic%2C700%2C700italic%2C900%2C900italic|font_style:400%20regular%3A400%3Anormal&#8221; primary_title_css_animation=&#8221;fadeIn&#8221; hover_title=&#8221;&#8221; hover_align=&#8221;justify&#8221; shape=&#8221;square&#8221; hover_background_color=&#8221;custom&#8221; css_animation=&#8221;none&#8221; use_custom_fonts_primary_title=&#8221;true&#8221; hover_custom_background=&#8221;#a81a1a&#8221;]<span style=\"color: #ffffff;\">Bosnien\u00a0 \u00a0 \u00a0Bulgarien\u00a0 \u00a0 \u00a0D\u00e4nemark\u00a0 \u00a0 \u00a0Deutschland\u00a0 \u00a0 \u00a0England\u00a0 \u00a0 \u00a0Estland\u00a0 \u00a0 \u00a0Frankreich\u00a0 \u00a0 \u00a0Finnland\u00a0 \u00a0 \u00a0Griechenland\u00a0 \u00a0 \u00a0Irland\u00a0 \u00a0 \u00a0Italien\u00a0 \u00a0 \u00a0Kroatien\u00a0 \u00a0 \u00a0Litauen\u00a0 \u00a0 \u00a0Montenegro\u00a0 \u00a0 \u00a0Norwegen\u00a0 \u00a0 \u00a0\u00d6sterreich\u00a0 \u00a0 \u00a0Polen\u00a0 \u00a0 \u00a0Portugal\u00a0 \u00a0 \u00a0Rum\u00e4nien\u00a0 \u00a0 \u00a0Russland\u00a0 \u00a0 \u00a0Schweden\u00a0 \u00a0 \u00a0Schweiz\u00a0 \u00a0 \u00a0Slowakei\u00a0 \u00a0 \u00a0Slowenien\u00a0 \u00a0 \u00a0Spanien\u00a0 \u00a0 \u00a0Tschechien\u00a0 \u00a0 \u00a0T\u00fcrkei\u00a0 \u00a0 \u00a0Ukraine\u00a0 \u00a0 \u00a0Ungarn\u00a0 \u00a0 \u00a0Wei\u00dfrussland<\/span>[\/vc_hoverbox][\/vc_column][\/vc_row]<\/p>\n<\/div>","protected":false},"excerpt":{"rendered":"<p><span class=\"excerpt-hellip\"> [\u2026]<\/span><\/p>\n","protected":false},"author":1,"featured_media":0,"parent":0,"menu_order":0,"comment_status":"closed","ping_status":"closed","template":"","meta":{"inline_featured_image":false,"footnotes":""},"class_list":["post-3600","page","type-page","status-publish","hentry"],"yoast_head":"<!-- This site is optimized with the Yoast SEO plugin v24.3 - https:\/\/yoast.com\/wordpress\/plugins\/seo\/ -->\n<title>Logistic - WALSER - Ihr Spezialist f\u00fcr automotive Innenausstattung<\/title>\n<meta name=\"robots\" content=\"index, follow, max-snippet:-1, max-image-preview:large, max-video-preview:-1\" \/>\n<link rel=\"canonical\" href=\"https:\/\/walsergroup.com\/en\/logistic\/\" \/>\n<meta property=\"og:locale\" content=\"en_US\" \/>\n<meta property=\"og:type\" content=\"article\" \/>\n<meta property=\"og:title\" content=\"Logistic - WALSER - Ihr Spezialist f\u00fcr automotive Innenausstattung\" \/>\n<meta property=\"og:description\" content=\"[\u2026]\" \/>\n<meta property=\"og:url\" content=\"https:\/\/walsergroup.com\/en\/logistic\/\" \/>\n<meta property=\"og:site_name\" content=\"WALSER - Ihr Spezialist f\u00fcr automotive Innenausstattung\" \/>\n<meta property=\"article:modified_time\" content=\"2019-10-31T15:08:58+00:00\" \/>\n<meta name=\"twitter:card\" content=\"summary_large_image\" \/>\n<meta name=\"twitter:label1\" content=\"Est. reading time\" \/>\n\t<meta name=\"twitter:data1\" content=\"4 minutes\" \/>\n<script type=\"application\/ld+json\" class=\"yoast-schema-graph\">{\"@context\":\"https:\/\/schema.org\",\"@graph\":[{\"@type\":\"WebPage\",\"@id\":\"https:\/\/walsergroup.com\/en\/logistic\/\",\"url\":\"https:\/\/walsergroup.com\/en\/logistic\/\",\"name\":\"Logistic - WALSER - Ihr Spezialist f\u00fcr automotive Innenausstattung\",\"isPartOf\":{\"@id\":\"https:\/\/walsergroup.com\/en\/#website\"},\"datePublished\":\"2019-10-31T14:45:43+00:00\",\"dateModified\":\"2019-10-31T15:08:58+00:00\",\"breadcrumb\":{\"@id\":\"https:\/\/walsergroup.com\/en\/logistic\/#breadcrumb\"},\"inLanguage\":\"en-US\",\"potentialAction\":[{\"@type\":\"ReadAction\",\"target\":[\"https:\/\/walsergroup.com\/en\/logistic\/\"]}]},{\"@type\":\"BreadcrumbList\",\"@id\":\"https:\/\/walsergroup.com\/en\/logistic\/#breadcrumb\",\"itemListElement\":[{\"@type\":\"ListItem\",\"position\":1,\"name\":\"Startseite\",\"item\":\"https:\/\/walsergroup.com\/en\/\"},{\"@type\":\"ListItem\",\"position\":2,\"name\":\"Logistic\"}]},{\"@type\":\"WebSite\",\"@id\":\"https:\/\/walsergroup.com\/en\/#website\",\"url\":\"https:\/\/walsergroup.com\/en\/\",\"name\":\"WALSER - Ihr Spezialist f\u00fcr automotive Innenausstattung\",\"description\":\"Die WALSER GmbH produziert und vertreibt seit 1977 hochwertige Artikel im Bereich Autozubeh\u00f6r, ... Heute geh\u00f6rt Walser zu den Marktf\u00fchrern der Branche.\",\"publisher\":{\"@id\":\"https:\/\/walsergroup.com\/en\/#organization\"},\"potentialAction\":[{\"@type\":\"SearchAction\",\"target\":{\"@type\":\"EntryPoint\",\"urlTemplate\":\"https:\/\/walsergroup.com\/en\/?s={search_term_string}\"},\"query-input\":{\"@type\":\"PropertyValueSpecification\",\"valueRequired\":true,\"valueName\":\"search_term_string\"}}],\"inLanguage\":\"en-US\"},{\"@type\":\"Organization\",\"@id\":\"https:\/\/walsergroup.com\/en\/#organization\",\"name\":\"WALSER - Ihr Spezialist f\u00fcr automotive Innenausstattung\",\"url\":\"https:\/\/walsergroup.com\/en\/\",\"logo\":{\"@type\":\"ImageObject\",\"inLanguage\":\"en-US\",\"@id\":\"https:\/\/walsergroup.com\/en\/#\/schema\/logo\/image\/\",\"url\":\"https:\/\/walsergroup.com\/wp-content\/uploads\/2021\/06\/cropped-WALSER-Logo-DE-01-retina-1.png\",\"contentUrl\":\"https:\/\/walsergroup.com\/wp-content\/uploads\/2021\/06\/cropped-WALSER-Logo-DE-01-retina-1.png\",\"width\":466,\"height\":200,\"caption\":\"WALSER - Ihr Spezialist f\u00fcr automotive Innenausstattung\"},\"image\":{\"@id\":\"https:\/\/walsergroup.com\/en\/#\/schema\/logo\/image\/\"}}]}<\/script>\n<!-- \/ Yoast SEO plugin. -->","yoast_head_json":{"title":"Logistic - WALSER - Ihr Spezialist f\u00fcr automotive Innenausstattung","robots":{"index":"index","follow":"follow","max-snippet":"max-snippet:-1","max-image-preview":"max-image-preview:large","max-video-preview":"max-video-preview:-1"},"canonical":"https:\/\/walsergroup.com\/en\/logistic\/","og_locale":"en_US","og_type":"article","og_title":"Logistic - WALSER - Ihr Spezialist f\u00fcr automotive Innenausstattung","og_description":"[\u2026]","og_url":"https:\/\/walsergroup.com\/en\/logistic\/","og_site_name":"WALSER - Ihr Spezialist f\u00fcr automotive Innenausstattung","article_modified_time":"2019-10-31T15:08:58+00:00","twitter_card":"summary_large_image","twitter_misc":{"Est. reading time":"4 minutes"},"schema":{"@context":"https:\/\/schema.org","@graph":[{"@type":"WebPage","@id":"https:\/\/walsergroup.com\/en\/logistic\/","url":"https:\/\/walsergroup.com\/en\/logistic\/","name":"Logistic - WALSER - Ihr Spezialist f\u00fcr automotive Innenausstattung","isPartOf":{"@id":"https:\/\/walsergroup.com\/en\/#website"},"datePublished":"2019-10-31T14:45:43+00:00","dateModified":"2019-10-31T15:08:58+00:00","breadcrumb":{"@id":"https:\/\/walsergroup.com\/en\/logistic\/#breadcrumb"},"inLanguage":"en-US","potentialAction":[{"@type":"ReadAction","target":["https:\/\/walsergroup.com\/en\/logistic\/"]}]},{"@type":"BreadcrumbList","@id":"https:\/\/walsergroup.com\/en\/logistic\/#breadcrumb","itemListElement":[{"@type":"ListItem","position":1,"name":"Startseite","item":"https:\/\/walsergroup.com\/en\/"},{"@type":"ListItem","position":2,"name":"Logistic"}]},{"@type":"WebSite","@id":"https:\/\/walsergroup.com\/en\/#website","url":"https:\/\/walsergroup.com\/en\/","name":"WALSER - Ihr Spezialist f\u00fcr automotive Innenausstattung","description":"Die WALSER GmbH produziert und vertreibt seit 1977 hochwertige Artikel im Bereich Autozubeh\u00f6r, ... Heute geh\u00f6rt Walser zu den Marktf\u00fchrern der Branche.","publisher":{"@id":"https:\/\/walsergroup.com\/en\/#organization"},"potentialAction":[{"@type":"SearchAction","target":{"@type":"EntryPoint","urlTemplate":"https:\/\/walsergroup.com\/en\/?s={search_term_string}"},"query-input":{"@type":"PropertyValueSpecification","valueRequired":true,"valueName":"search_term_string"}}],"inLanguage":"en-US"},{"@type":"Organization","@id":"https:\/\/walsergroup.com\/en\/#organization","name":"WALSER - Ihr Spezialist f\u00fcr automotive Innenausstattung","url":"https:\/\/walsergroup.com\/en\/","logo":{"@type":"ImageObject","inLanguage":"en-US","@id":"https:\/\/walsergroup.com\/en\/#\/schema\/logo\/image\/","url":"https:\/\/walsergroup.com\/wp-content\/uploads\/2021\/06\/cropped-WALSER-Logo-DE-01-retina-1.png","contentUrl":"https:\/\/walsergroup.com\/wp-content\/uploads\/2021\/06\/cropped-WALSER-Logo-DE-01-retina-1.png","width":466,"height":200,"caption":"WALSER - Ihr Spezialist f\u00fcr automotive Innenausstattung"},"image":{"@id":"https:\/\/walsergroup.com\/en\/#\/schema\/logo\/image\/"}}]}},"_links":{"self":[{"href":"https:\/\/walsergroup.com\/en\/wp-json\/wp\/v2\/pages\/3600"}],"collection":[{"href":"https:\/\/walsergroup.com\/en\/wp-json\/wp\/v2\/pages"}],"about":[{"href":"https:\/\/walsergroup.com\/en\/wp-json\/wp\/v2\/types\/page"}],"author":[{"embeddable":true,"href":"https:\/\/walsergroup.com\/en\/wp-json\/wp\/v2\/users\/1"}],"replies":[{"embeddable":true,"href":"https:\/\/walsergroup.com\/en\/wp-json\/wp\/v2\/comments?post=3600"}],"version-history":[{"count":0,"href":"https:\/\/walsergroup.com\/en\/wp-json\/wp\/v2\/pages\/3600\/revisions"}],"wp:attachment":[{"href":"https:\/\/walsergroup.com\/en\/wp-json\/wp\/v2\/media?parent=3600"}],"curies":[{"name":"wp","href":"https:\/\/api.w.org\/{rel}","templated":true}]}}