{"id":3609,"date":"2019-10-31T15:44:26","date_gmt":"2019-10-31T14:44:26","guid":{"rendered":"https:\/\/walsergroup.com\/?page_id=3609"},"modified":"2019-10-31T15:44:26","modified_gmt":"2019-10-31T14:44:26","slug":"business-solutions","status":"publish","type":"page","link":"https:\/\/walsergroup.com\/en\/business-solutions\/","title":{"rendered":"Business Solutions"},"content":{"rendered":"<div class=\"wpb-content-wrapper\"><p>[vc_row][vc_column][vc_single_image image=&#8221;3363&#8243; img_size=&#8221;full&#8221;][\/vc_column][\/vc_row][vc_row][vc_column offset=&#8221;vc_col-xs-12&#8243;][vc_column_text]<\/p>\n<h1 style=\"text-align: center;\">Business Solutions<\/h1>\n<p>[\/vc_column_text][vc_column_text css=&#8221;.vc_custom_1572532965838{padding-bottom: 25px !important;}&#8221;]<\/p>\n<p style=\"text-align: center;\">The WALSER Group has many years of experience in various fields of business. This expertise and the clear definition of business areas ensures the optimal use of staff, instruments, systems and services. We want to share our experience with you and find optimal solutions for your individual requirements!<\/p>\n<p>[\/vc_column_text][\/vc_column][\/vc_row][vc_row][vc_column][vc_separator color=&#8221;custom&#8221; style=&#8221;dashed&#8221; border_width=&#8221;2&#8243; accent_color=&#8221;#b52929&#8243;][\/vc_column][\/vc_row][vc_row css=&#8221;.vc_custom_1570100350740{padding-top: 30px !important;}&#8221;][vc_column width=&#8221;1\/2&#8243;][vc_column_text]<\/p>\n<h3>Fulfillment \/ Mail Order<\/h3>\n<ul>\n<li>Customer service including return and warranty support<\/li>\n<li>Efficient processes with short lead times and electronic order acceptance<\/li>\n<li>National and international shipping and delivery<\/li>\n<li>Full supply chain management from the manufacturer to the consumer<\/li>\n<li>Pick and pack of small deliveries (Single pieces)<\/li>\n<\/ul>\n<p>[\/vc_column_text][\/vc_column][vc_column width=&#8221;1\/2&#8243;][vc_single_image image=&#8221;3386&#8243; img_size=&#8221;full&#8221; css_animation=&#8221;fadeInRight&#8221;][\/vc_column][\/vc_row][vc_row][vc_column][vc_separator color=&#8221;custom&#8221; style=&#8221;dashed&#8221; border_width=&#8221;2&#8243; accent_color=&#8221;#b52929&#8243;][\/vc_column][\/vc_row][vc_row css=&#8221;.vc_custom_1570100388402{padding-top: 30px !important;}&#8221;][vc_column width=&#8221;1\/2&#8243;][vc_single_image image=&#8221;3383&#8243; img_size=&#8221;full&#8221; css_animation=&#8221;fadeInLeft&#8221;][\/vc_column][vc_column width=&#8221;1\/2&#8243;][vc_column_text]<\/p>\n<h3>Wholesale \/ Discount<\/h3>\n<ul>\n<li>Handling of pallets, parcels and picking of single items<\/li>\n<li>Implementation of shipping instructions to customer and receiver needs<\/li>\n<li>Optimized packaging based on transportation route<\/li>\n<li>Cross docking functions<\/li>\n<li>Bonded warehouse management<\/li>\n<\/ul>\n<p>[\/vc_column_text][\/vc_column][\/vc_row][vc_row][vc_column][vc_separator color=&#8221;custom&#8221; style=&#8221;dashed&#8221; border_width=&#8221;2&#8243; accent_color=&#8221;#b52929&#8243;][\/vc_column][\/vc_row][vc_row css=&#8221;.vc_custom_1570100607633{padding-top: 30px !important;}&#8221;][vc_column width=&#8221;1\/2&#8243;][vc_column_text]<\/p>\n<h3>Individualization<\/h3>\n<ul>\n<li>Product purchase and modification with extended knowledge in the textile field<\/li>\n<li>Packaging optimization with planning and placement of displays<\/li>\n<li>Reduction of fixed costs through flexible billing models and short-term execution<\/li>\n<\/ul>\n<p>[\/vc_column_text][\/vc_column][vc_column width=&#8221;1\/2&#8243;][vc_single_image image=&#8221;3250&#8243; img_size=&#8221;full&#8221; css_animation=&#8221;fadeInRight&#8221;][\/vc_column][\/vc_row][vc_row][vc_column][vc_separator color=&#8221;custom&#8221; style=&#8221;dashed&#8221; border_width=&#8221;2&#8243; accent_color=&#8221;#b52929&#8243;][\/vc_column][\/vc_row][vc_row css=&#8221;.vc_custom_1570100405793{padding-top: 30px !important;}&#8221;][vc_column width=&#8221;1\/2&#8243;][vc_single_image image=&#8221;3252&#8243; img_size=&#8221;full&#8221; css_animation=&#8221;fadeInLeft&#8221;][\/vc_column][vc_column width=&#8221;1\/2&#8243;][vc_column_text]<\/p>\n<h3>Returns Management<\/h3>\n<ul>\n<li>Returns administration with notification, pick up and acceptance at the warehouse<\/li>\n<li>Complete refinement according to individual requirements or standardized SLA<\/li>\n<li>Exploitation of remaining stock in defined product groups<\/li>\n<\/ul>\n<p>[\/vc_column_text][\/vc_column][\/vc_row]<\/p>\n<\/div>","protected":false},"excerpt":{"rendered":"<p><span class=\"excerpt-hellip\"> [\u2026]<\/span><\/p>\n","protected":false},"author":1,"featured_media":0,"parent":0,"menu_order":0,"comment_status":"closed","ping_status":"closed","template":"","meta":{"inline_featured_image":false,"footnotes":""},"class_list":["post-3609","page","type-page","status-publish","hentry"],"yoast_head":"<!-- This site is optimized with the Yoast SEO plugin v24.3 - https:\/\/yoast.com\/wordpress\/plugins\/seo\/ -->\n<title>Business Solutions - WALSER - Ihr Spezialist f\u00fcr automotive Innenausstattung<\/title>\n<meta name=\"robots\" content=\"index, follow, max-snippet:-1, max-image-preview:large, max-video-preview:-1\" \/>\n<link rel=\"canonical\" href=\"https:\/\/walsergroup.com\/en\/business-solutions\/\" \/>\n<meta property=\"og:locale\" content=\"en_US\" \/>\n<meta property=\"og:type\" content=\"article\" \/>\n<meta property=\"og:title\" content=\"Business Solutions - WALSER - Ihr Spezialist f\u00fcr automotive Innenausstattung\" \/>\n<meta property=\"og:description\" content=\"[\u2026]\" \/>\n<meta property=\"og:url\" content=\"https:\/\/walsergroup.com\/en\/business-solutions\/\" \/>\n<meta property=\"og:site_name\" content=\"WALSER - Ihr Spezialist f\u00fcr automotive Innenausstattung\" \/>\n<meta name=\"twitter:card\" content=\"summary_large_image\" \/>\n<meta name=\"twitter:label1\" content=\"Est. reading time\" \/>\n\t<meta name=\"twitter:data1\" content=\"2 minutes\" \/>\n<script type=\"application\/ld+json\" class=\"yoast-schema-graph\">{\"@context\":\"https:\/\/schema.org\",\"@graph\":[{\"@type\":\"WebPage\",\"@id\":\"https:\/\/walsergroup.com\/en\/business-solutions\/\",\"url\":\"https:\/\/walsergroup.com\/en\/business-solutions\/\",\"name\":\"Business Solutions - WALSER - Ihr Spezialist f\u00fcr automotive Innenausstattung\",\"isPartOf\":{\"@id\":\"https:\/\/walsergroup.com\/en\/#website\"},\"datePublished\":\"2019-10-31T14:44:26+00:00\",\"dateModified\":\"2019-10-31T14:44:26+00:00\",\"breadcrumb\":{\"@id\":\"https:\/\/walsergroup.com\/en\/business-solutions\/#breadcrumb\"},\"inLanguage\":\"en-US\",\"potentialAction\":[{\"@type\":\"ReadAction\",\"target\":[\"https:\/\/walsergroup.com\/en\/business-solutions\/\"]}]},{\"@type\":\"BreadcrumbList\",\"@id\":\"https:\/\/walsergroup.com\/en\/business-solutions\/#breadcrumb\",\"itemListElement\":[{\"@type\":\"ListItem\",\"position\":1,\"name\":\"Startseite\",\"item\":\"https:\/\/walsergroup.com\/en\/\"},{\"@type\":\"ListItem\",\"position\":2,\"name\":\"Business Solutions\"}]},{\"@type\":\"WebSite\",\"@id\":\"https:\/\/walsergroup.com\/en\/#website\",\"url\":\"https:\/\/walsergroup.com\/en\/\",\"name\":\"WALSER - Ihr Spezialist f\u00fcr automotive Innenausstattung\",\"description\":\"Die WALSER GmbH produziert und vertreibt seit 1977 hochwertige Artikel im Bereich Autozubeh\u00f6r, ... Heute geh\u00f6rt Walser zu den Marktf\u00fchrern der Branche.\",\"publisher\":{\"@id\":\"https:\/\/walsergroup.com\/en\/#organization\"},\"potentialAction\":[{\"@type\":\"SearchAction\",\"target\":{\"@type\":\"EntryPoint\",\"urlTemplate\":\"https:\/\/walsergroup.com\/en\/?s={search_term_string}\"},\"query-input\":{\"@type\":\"PropertyValueSpecification\",\"valueRequired\":true,\"valueName\":\"search_term_string\"}}],\"inLanguage\":\"en-US\"},{\"@type\":\"Organization\",\"@id\":\"https:\/\/walsergroup.com\/en\/#organization\",\"name\":\"WALSER - Ihr Spezialist f\u00fcr automotive Innenausstattung\",\"url\":\"https:\/\/walsergroup.com\/en\/\",\"logo\":{\"@type\":\"ImageObject\",\"inLanguage\":\"en-US\",\"@id\":\"https:\/\/walsergroup.com\/en\/#\/schema\/logo\/image\/\",\"url\":\"https:\/\/walsergroup.com\/wp-content\/uploads\/2021\/06\/cropped-WALSER-Logo-DE-01-retina-1.png\",\"contentUrl\":\"https:\/\/walsergroup.com\/wp-content\/uploads\/2021\/06\/cropped-WALSER-Logo-DE-01-retina-1.png\",\"width\":466,\"height\":200,\"caption\":\"WALSER - Ihr Spezialist f\u00fcr automotive Innenausstattung\"},\"image\":{\"@id\":\"https:\/\/walsergroup.com\/en\/#\/schema\/logo\/image\/\"}}]}<\/script>\n<!-- \/ Yoast SEO plugin. -->","yoast_head_json":{"title":"Business Solutions - WALSER - Ihr Spezialist f\u00fcr automotive Innenausstattung","robots":{"index":"index","follow":"follow","max-snippet":"max-snippet:-1","max-image-preview":"max-image-preview:large","max-video-preview":"max-video-preview:-1"},"canonical":"https:\/\/walsergroup.com\/en\/business-solutions\/","og_locale":"en_US","og_type":"article","og_title":"Business Solutions - WALSER - Ihr Spezialist f\u00fcr automotive Innenausstattung","og_description":"[\u2026]","og_url":"https:\/\/walsergroup.com\/en\/business-solutions\/","og_site_name":"WALSER - Ihr Spezialist f\u00fcr automotive Innenausstattung","twitter_card":"summary_large_image","twitter_misc":{"Est. reading time":"2 minutes"},"schema":{"@context":"https:\/\/schema.org","@graph":[{"@type":"WebPage","@id":"https:\/\/walsergroup.com\/en\/business-solutions\/","url":"https:\/\/walsergroup.com\/en\/business-solutions\/","name":"Business Solutions - WALSER - Ihr Spezialist f\u00fcr automotive Innenausstattung","isPartOf":{"@id":"https:\/\/walsergroup.com\/en\/#website"},"datePublished":"2019-10-31T14:44:26+00:00","dateModified":"2019-10-31T14:44:26+00:00","breadcrumb":{"@id":"https:\/\/walsergroup.com\/en\/business-solutions\/#breadcrumb"},"inLanguage":"en-US","potentialAction":[{"@type":"ReadAction","target":["https:\/\/walsergroup.com\/en\/business-solutions\/"]}]},{"@type":"BreadcrumbList","@id":"https:\/\/walsergroup.com\/en\/business-solutions\/#breadcrumb","itemListElement":[{"@type":"ListItem","position":1,"name":"Startseite","item":"https:\/\/walsergroup.com\/en\/"},{"@type":"ListItem","position":2,"name":"Business Solutions"}]},{"@type":"WebSite","@id":"https:\/\/walsergroup.com\/en\/#website","url":"https:\/\/walsergroup.com\/en\/","name":"WALSER - Ihr Spezialist f\u00fcr automotive Innenausstattung","description":"Die WALSER GmbH produziert und vertreibt seit 1977 hochwertige Artikel im Bereich Autozubeh\u00f6r, ... Heute geh\u00f6rt Walser zu den Marktf\u00fchrern der Branche.","publisher":{"@id":"https:\/\/walsergroup.com\/en\/#organization"},"potentialAction":[{"@type":"SearchAction","target":{"@type":"EntryPoint","urlTemplate":"https:\/\/walsergroup.com\/en\/?s={search_term_string}"},"query-input":{"@type":"PropertyValueSpecification","valueRequired":true,"valueName":"search_term_string"}}],"inLanguage":"en-US"},{"@type":"Organization","@id":"https:\/\/walsergroup.com\/en\/#organization","name":"WALSER - Ihr Spezialist f\u00fcr automotive Innenausstattung","url":"https:\/\/walsergroup.com\/en\/","logo":{"@type":"ImageObject","inLanguage":"en-US","@id":"https:\/\/walsergroup.com\/en\/#\/schema\/logo\/image\/","url":"https:\/\/walsergroup.com\/wp-content\/uploads\/2021\/06\/cropped-WALSER-Logo-DE-01-retina-1.png","contentUrl":"https:\/\/walsergroup.com\/wp-content\/uploads\/2021\/06\/cropped-WALSER-Logo-DE-01-retina-1.png","width":466,"height":200,"caption":"WALSER - Ihr Spezialist f\u00fcr automotive Innenausstattung"},"image":{"@id":"https:\/\/walsergroup.com\/en\/#\/schema\/logo\/image\/"}}]}},"_links":{"self":[{"href":"https:\/\/walsergroup.com\/en\/wp-json\/wp\/v2\/pages\/3609"}],"collection":[{"href":"https:\/\/walsergroup.com\/en\/wp-json\/wp\/v2\/pages"}],"about":[{"href":"https:\/\/walsergroup.com\/en\/wp-json\/wp\/v2\/types\/page"}],"author":[{"embeddable":true,"href":"https:\/\/walsergroup.com\/en\/wp-json\/wp\/v2\/users\/1"}],"replies":[{"embeddable":true,"href":"https:\/\/walsergroup.com\/en\/wp-json\/wp\/v2\/comments?post=3609"}],"version-history":[{"count":0,"href":"https:\/\/walsergroup.com\/en\/wp-json\/wp\/v2\/pages\/3609\/revisions"}],"wp:attachment":[{"href":"https:\/\/walsergroup.com\/en\/wp-json\/wp\/v2\/media?parent=3609"}],"curies":[{"name":"wp","href":"https:\/\/api.w.org\/{rel}","templated":true}]}}