{"id":5457,"date":"2021-06-15T10:07:33","date_gmt":"2021-06-15T08:07:33","guid":{"rendered":"https:\/\/walsergroup.com\/?page_id=5457"},"modified":"2021-06-15T10:07:33","modified_gmt":"2021-06-15T08:07:33","slug":"new-childseat-noemi","status":"publish","type":"page","link":"https:\/\/walsergroup.com\/en\/new-childseat-noemi\/","title":{"rendered":"New Child Seat"},"content":{"rendered":"<div class=\"wpb-content-wrapper\"><p>[vc_row css=&#8221;.vc_custom_1554974981336{margin-top: 10px !important;padding-top: 10px !important;}&#8221;][vc_column el_id=&#8221;marken-walser&#8221; el_class=&#8221;marken-walser&#8221;][vc_separator color=&#8221;custom&#8221; style=&#8221;dashed&#8221; border_width=&#8221;2&#8243; accent_color=&#8221;#ffffff&#8221;][\/vc_column][\/vc_row][vc_row content_placement=&#8221;middle&#8221; css=&#8221;.vc_custom_1587459114538{margin-top: 10px !important;margin-bottom: 0px !important;border-bottom-width: 0px !important;padding-top: 0px !important;padding-bottom: 0px !important;}&#8221;][vc_column width=&#8221;1\/2&#8243; css=&#8221;.vc_custom_1554895766777{margin-bottom: 20px !important;}&#8221;][vc_column_text]<\/p>\n<h2>Neuer Auto-Kindersitz von Walser: h\u00f6chste Sicherheitsstandards<\/h2>\n<h4>Als einziger seiner Preisklasse nach aktuellsten Richtlinien getestet und zugelassen<\/h4>\n<p><strong>Hohenems (A). Mit dem neuen Sitz \u201eNoemi\u201c bringt die Walser GmbH einen Auto-Kindersitz auf den Markt, der als einziges Modell seiner Preisklasse den aktuellsten und somit h\u00f6chsten Sicherheits- und Pr\u00fcfstandards \u2013 der neuen ECE Regelung 129 \u2013 entspricht. Die erh\u00f6hten Standards inkludieren unter anderem zus\u00e4tzlich zum Frontaufpralltest einen Seitenaufpralltest. Der Autositz ist bereits online im Webshop des Unternehmens erh\u00e4ltlich und soll ab Mitte 2020 auch \u00fcber Vertriebspartner in den Handel kommen.<\/strong>[\/vc_column_text][\/vc_column][vc_column width=&#8221;1\/2&#8243; css=&#8221;.vc_custom_1555313501071{margin-bottom: 0px !important;border-bottom-width: 0px !important;padding-bottom: 0px !important;}&#8221;][vc_single_image image=&#8221;5460&#8243; img_size=&#8221;full&#8221; alignment=&#8221;center&#8221; css_animation=&#8221;fadeInRight&#8221; css=&#8221;.vc_custom_1592903090137{margin-bottom: 0px !important;border-bottom-width: 0px !important;padding-bottom: 0px !important;}&#8221;][\/vc_column][\/vc_row][vc_row content_placement=&#8221;middle&#8221; css=&#8221;.vc_custom_1587459100081{margin-top: 0px !important;margin-bottom: 0px !important;border-top-width: 0px !important;border-bottom-width: 0px !important;padding-top: 0px !important;padding-bottom: 0px !important;}&#8221;][vc_column width=&#8221;1\/2&#8243; css=&#8221;.vc_custom_1555313493222{margin-top: 0px !important;margin-bottom: 0px !important;border-top-width: 0px !important;border-bottom-width: 0px !important;padding-top: 0px !important;}&#8221;][vc_single_image image=&#8221;5462&#8243; img_size=&#8221;full&#8221; alignment=&#8221;right&#8221; css_animation=&#8221;fadeInLeft&#8221; css=&#8221;.vc_custom_1592903103384{margin-top: 0px !important;margin-bottom: 0px !important;border-top-width: 0px !important;border-bottom-width: 0px !important;padding-top: 0px !important;padding-bottom: 0px !important;}&#8221;][\/vc_column][vc_column width=&#8221;1\/2&#8243;][vc_column_text css=&#8221;.vc_custom_1592902622829{margin-bottom: 0px !important;border-bottom-width: 0px !important;padding-bottom: 0px !important;}&#8221;]Mit dem neuen Autositz f\u00fcr Kinder setzt die Walser GmbH ein Modell um, das als einziges seiner Preisklasse den neuesten und somit h\u00f6chsten Pr\u00fcf- und Sicherheitsstandards entspricht. Im Vergleich zur alten Richtlinie wird bei der neuen, der sogenannten ECE Regelung R 129, zus\u00e4tzlich zum Front- auch der Seitenaufprall gepr\u00fcft und die Einteilung in Kategorien erfolgt nicht mehr nach Gewicht der Kinder, sondern nach K\u00f6rpergr\u00f6\u00dfe. \u201eDiese neue Einteilung ist eine Erleichterung in der Anwendung und auch ein zus\u00e4tzliches Sicherheitsfeature. Der Sicherheit des Produkts gilt unsere h\u00f6chste Priorit\u00e4t, deshalb haben wir bei der Entwicklung des Sitzes mit Automobilklubs eng zusammengearbeitet. Der Fokus wurde auf konsequenten Leichtbau gelegt. Wir haben Materialien aus der Automobilindustrie und Konstruktionsideen aus dem Flugzeugbau verwendet\u201c, erl\u00e4utert Markus Fleisch, Leiter der Entwicklungsabteilung bei Walser. \u201eEs ist uns dank unserer Philosophie, Kosten nur in die Produktentwicklung selbst und nicht ins Marketing flie\u00dfen zu lassen, gelungen, den Autositz in einer sehr g\u00fcnstigen Preisklasse auf den Markt zu bringen\u201c, f\u00fchrt Fleisch erg\u00e4nzend an.[\/vc_column_text][\/vc_column][\/vc_row][vc_row content_placement=&#8221;middle&#8221; css=&#8221;.vc_custom_1558355776136{margin-top: 0px !important;margin-bottom: 0px !important;border-top-width: 0px !important;border-bottom-width: 0px !important;padding-top: 0px !important;padding-bottom: 0px !important;}&#8221;][vc_column width=&#8221;1\/2&#8243; css=&#8221;.vc_custom_1554895783633{margin-bottom: 20px !important;}&#8221;][vc_column_text]<\/p>\n<h3>Neue Pr\u00fcfstandards best\u00e4tigen Vorz\u00fcge dank Konstruktion und Materialmix<\/h3>\n<p>Bei den Tests f\u00fcr die Zulassung gem\u00e4\u00df der aktuellsten Pr\u00fcfstandards werden neben Frontalaufprall-Situationen nun auch verpflichtend Seitenaufprall-Situationen mit modernsten Dummies simuliert. \u201eDie zweith\u00e4ufigste Ursache f\u00fcr schwere Verletzungen bei Kindern sind Seitenaufpralle \u2013 umso wichtiger sind diese Zertifizierungen nach den neuesten Standards\u201c, best\u00e4tigt Markus Fleisch. Beim neuen Autositz hat Walser einen Materialmix aus harten und schockabsorbierenden Materialien verwendet. \u201eDas geringe Gewicht unseres Sitzes bei absolut gleicher Sicherheit ist ein weiterer Vorzug unseres neuen Modells. Dank des verwendeten Klappmechanismus erleichtern sich auch Transport und Verstauen des Sitzes\u201c, unterstreicht der Gesch\u00e4ftsleiter f\u00fcr Forschung und Entwicklung. Zu den Vorteilen z\u00e4hlt der neue i-Size-Standard, mit Sitzbreiten bis max. 44 cm, womit nun bis zu drei Kindersitze nebeneinander auf dem R\u00fccksitz Platz haben. [\/vc_column_text][vc_column_text]<\/p>\n<h3>Vertrieb des neuen Autositzes<\/h3>\n<p>Unter dem Namen Noemi ist der Kindersitz bereits online f\u00fcr Handelspartner sowie auch f\u00fcr Endkunden im Walser Webshop www.walser-shop.com zu einem Preis von 59,95 Euro bestellbar. \u201eDas Modell Noemi ist in drei unterschiedlichen Farbvariationen bereits jetzt online bestellbar bzw. bald auch in Fach- und Superm\u00e4rkten erh\u00e4ltlich. Weitere Varianten des Sitzes sind unter dem Namen \u201aLeontis\u2018 f\u00fcr Handelspartner in Entwicklung und werden ab Mitte des Jahres bei bekannten Discountern in der Produktpalette zu finden sein\u201c, so Markus Fleisch abschlie\u00dfend. N\u00e4here Informationen zum neuen Autositz sind auch auf der eigens eingerichteten Website noemi.walsergroup.com zu finden.[\/vc_column_text][\/vc_column][vc_column width=&#8221;1\/2&#8243; css=&#8221;.vc_custom_1555313557908{margin-top: 0px !important;margin-bottom: 0px !important;border-top-width: 0px !important;border-bottom-width: 0px !important;padding-top: 0px !important;padding-bottom: 0px !important;}&#8221;][vc_single_image image=&#8221;5464&#8243; img_size=&#8221;full&#8221; css_animation=&#8221;fadeInRight&#8221; css=&#8221;.vc_custom_1592903111680{margin-top: 0px !important;margin-bottom: 0px !important;border-top-width: 0px !important;border-bottom-width: 0px !important;padding-top: 0px !important;padding-bottom: 0px !important;}&#8221;][\/vc_column][\/vc_row]<\/p>\n<\/div>","protected":false},"excerpt":{"rendered":"<p><span class=\"excerpt-hellip\"> [\u2026]<\/span><\/p>\n","protected":false},"author":1,"featured_media":0,"parent":0,"menu_order":0,"comment_status":"closed","ping_status":"closed","template":"","meta":{"inline_featured_image":false,"footnotes":""},"class_list":["post-5457","page","type-page","status-publish","hentry"],"yoast_head":"<!-- This site is optimized with the Yoast SEO plugin v24.3 - https:\/\/yoast.com\/wordpress\/plugins\/seo\/ -->\n<title>New Child Seat - WALSER - Ihr Spezialist f\u00fcr automotive Innenausstattung<\/title>\n<meta name=\"robots\" content=\"index, follow, max-snippet:-1, max-image-preview:large, max-video-preview:-1\" \/>\n<link rel=\"canonical\" href=\"https:\/\/walsergroup.com\/en\/new-childseat-noemi\/\" \/>\n<meta property=\"og:locale\" content=\"en_US\" \/>\n<meta property=\"og:type\" content=\"article\" \/>\n<meta property=\"og:title\" content=\"New Child Seat - WALSER - Ihr Spezialist f\u00fcr automotive Innenausstattung\" \/>\n<meta property=\"og:description\" content=\"[\u2026]\" \/>\n<meta property=\"og:url\" content=\"https:\/\/walsergroup.com\/en\/new-childseat-noemi\/\" \/>\n<meta property=\"og:site_name\" content=\"WALSER - Ihr Spezialist f\u00fcr automotive Innenausstattung\" \/>\n<meta name=\"twitter:card\" content=\"summary_large_image\" \/>\n<meta name=\"twitter:label1\" content=\"Est. reading time\" \/>\n\t<meta name=\"twitter:data1\" content=\"4 minutes\" \/>\n<script type=\"application\/ld+json\" class=\"yoast-schema-graph\">{\"@context\":\"https:\/\/schema.org\",\"@graph\":[{\"@type\":\"WebPage\",\"@id\":\"https:\/\/walsergroup.com\/en\/new-childseat-noemi\/\",\"url\":\"https:\/\/walsergroup.com\/en\/new-childseat-noemi\/\",\"name\":\"New Child Seat - WALSER - Ihr Spezialist f\u00fcr automotive Innenausstattung\",\"isPartOf\":{\"@id\":\"https:\/\/walsergroup.com\/en\/#website\"},\"datePublished\":\"2021-06-15T08:07:33+00:00\",\"dateModified\":\"2021-06-15T08:07:33+00:00\",\"breadcrumb\":{\"@id\":\"https:\/\/walsergroup.com\/en\/new-childseat-noemi\/#breadcrumb\"},\"inLanguage\":\"en-US\",\"potentialAction\":[{\"@type\":\"ReadAction\",\"target\":[\"https:\/\/walsergroup.com\/en\/new-childseat-noemi\/\"]}]},{\"@type\":\"BreadcrumbList\",\"@id\":\"https:\/\/walsergroup.com\/en\/new-childseat-noemi\/#breadcrumb\",\"itemListElement\":[{\"@type\":\"ListItem\",\"position\":1,\"name\":\"Startseite\",\"item\":\"https:\/\/walsergroup.com\/en\/\"},{\"@type\":\"ListItem\",\"position\":2,\"name\":\"New Child Seat\"}]},{\"@type\":\"WebSite\",\"@id\":\"https:\/\/walsergroup.com\/en\/#website\",\"url\":\"https:\/\/walsergroup.com\/en\/\",\"name\":\"WALSER - Ihr Spezialist f\u00fcr automotive Innenausstattung\",\"description\":\"Die WALSER GmbH produziert und vertreibt seit 1977 hochwertige Artikel im Bereich Autozubeh\u00f6r, ... Heute geh\u00f6rt Walser zu den Marktf\u00fchrern der Branche.\",\"publisher\":{\"@id\":\"https:\/\/walsergroup.com\/en\/#organization\"},\"potentialAction\":[{\"@type\":\"SearchAction\",\"target\":{\"@type\":\"EntryPoint\",\"urlTemplate\":\"https:\/\/walsergroup.com\/en\/?s={search_term_string}\"},\"query-input\":{\"@type\":\"PropertyValueSpecification\",\"valueRequired\":true,\"valueName\":\"search_term_string\"}}],\"inLanguage\":\"en-US\"},{\"@type\":\"Organization\",\"@id\":\"https:\/\/walsergroup.com\/en\/#organization\",\"name\":\"WALSER - Ihr Spezialist f\u00fcr automotive Innenausstattung\",\"url\":\"https:\/\/walsergroup.com\/en\/\",\"logo\":{\"@type\":\"ImageObject\",\"inLanguage\":\"en-US\",\"@id\":\"https:\/\/walsergroup.com\/en\/#\/schema\/logo\/image\/\",\"url\":\"https:\/\/walsergroup.com\/wp-content\/uploads\/2021\/06\/cropped-WALSER-Logo-DE-01-retina-1.png\",\"contentUrl\":\"https:\/\/walsergroup.com\/wp-content\/uploads\/2021\/06\/cropped-WALSER-Logo-DE-01-retina-1.png\",\"width\":466,\"height\":200,\"caption\":\"WALSER - Ihr Spezialist f\u00fcr automotive Innenausstattung\"},\"image\":{\"@id\":\"https:\/\/walsergroup.com\/en\/#\/schema\/logo\/image\/\"}}]}<\/script>\n<!-- \/ Yoast SEO plugin. -->","yoast_head_json":{"title":"New Child Seat - WALSER - Ihr Spezialist f\u00fcr automotive Innenausstattung","robots":{"index":"index","follow":"follow","max-snippet":"max-snippet:-1","max-image-preview":"max-image-preview:large","max-video-preview":"max-video-preview:-1"},"canonical":"https:\/\/walsergroup.com\/en\/new-childseat-noemi\/","og_locale":"en_US","og_type":"article","og_title":"New Child Seat - WALSER - Ihr Spezialist f\u00fcr automotive Innenausstattung","og_description":"[\u2026]","og_url":"https:\/\/walsergroup.com\/en\/new-childseat-noemi\/","og_site_name":"WALSER - Ihr Spezialist f\u00fcr automotive Innenausstattung","twitter_card":"summary_large_image","twitter_misc":{"Est. reading time":"4 minutes"},"schema":{"@context":"https:\/\/schema.org","@graph":[{"@type":"WebPage","@id":"https:\/\/walsergroup.com\/en\/new-childseat-noemi\/","url":"https:\/\/walsergroup.com\/en\/new-childseat-noemi\/","name":"New Child Seat - WALSER - Ihr Spezialist f\u00fcr automotive Innenausstattung","isPartOf":{"@id":"https:\/\/walsergroup.com\/en\/#website"},"datePublished":"2021-06-15T08:07:33+00:00","dateModified":"2021-06-15T08:07:33+00:00","breadcrumb":{"@id":"https:\/\/walsergroup.com\/en\/new-childseat-noemi\/#breadcrumb"},"inLanguage":"en-US","potentialAction":[{"@type":"ReadAction","target":["https:\/\/walsergroup.com\/en\/new-childseat-noemi\/"]}]},{"@type":"BreadcrumbList","@id":"https:\/\/walsergroup.com\/en\/new-childseat-noemi\/#breadcrumb","itemListElement":[{"@type":"ListItem","position":1,"name":"Startseite","item":"https:\/\/walsergroup.com\/en\/"},{"@type":"ListItem","position":2,"name":"New Child Seat"}]},{"@type":"WebSite","@id":"https:\/\/walsergroup.com\/en\/#website","url":"https:\/\/walsergroup.com\/en\/","name":"WALSER - Ihr Spezialist f\u00fcr automotive Innenausstattung","description":"Die WALSER GmbH produziert und vertreibt seit 1977 hochwertige Artikel im Bereich Autozubeh\u00f6r, ... Heute geh\u00f6rt Walser zu den Marktf\u00fchrern der Branche.","publisher":{"@id":"https:\/\/walsergroup.com\/en\/#organization"},"potentialAction":[{"@type":"SearchAction","target":{"@type":"EntryPoint","urlTemplate":"https:\/\/walsergroup.com\/en\/?s={search_term_string}"},"query-input":{"@type":"PropertyValueSpecification","valueRequired":true,"valueName":"search_term_string"}}],"inLanguage":"en-US"},{"@type":"Organization","@id":"https:\/\/walsergroup.com\/en\/#organization","name":"WALSER - Ihr Spezialist f\u00fcr automotive Innenausstattung","url":"https:\/\/walsergroup.com\/en\/","logo":{"@type":"ImageObject","inLanguage":"en-US","@id":"https:\/\/walsergroup.com\/en\/#\/schema\/logo\/image\/","url":"https:\/\/walsergroup.com\/wp-content\/uploads\/2021\/06\/cropped-WALSER-Logo-DE-01-retina-1.png","contentUrl":"https:\/\/walsergroup.com\/wp-content\/uploads\/2021\/06\/cropped-WALSER-Logo-DE-01-retina-1.png","width":466,"height":200,"caption":"WALSER - Ihr Spezialist f\u00fcr automotive Innenausstattung"},"image":{"@id":"https:\/\/walsergroup.com\/en\/#\/schema\/logo\/image\/"}}]}},"_links":{"self":[{"href":"https:\/\/walsergroup.com\/en\/wp-json\/wp\/v2\/pages\/5457"}],"collection":[{"href":"https:\/\/walsergroup.com\/en\/wp-json\/wp\/v2\/pages"}],"about":[{"href":"https:\/\/walsergroup.com\/en\/wp-json\/wp\/v2\/types\/page"}],"author":[{"embeddable":true,"href":"https:\/\/walsergroup.com\/en\/wp-json\/wp\/v2\/users\/1"}],"replies":[{"embeddable":true,"href":"https:\/\/walsergroup.com\/en\/wp-json\/wp\/v2\/comments?post=5457"}],"version-history":[{"count":0,"href":"https:\/\/walsergroup.com\/en\/wp-json\/wp\/v2\/pages\/5457\/revisions"}],"wp:attachment":[{"href":"https:\/\/walsergroup.com\/en\/wp-json\/wp\/v2\/media?parent=5457"}],"curies":[{"name":"wp","href":"https:\/\/api.w.org\/{rel}","templated":true}]}}