{"id":823,"date":"2019-04-10T13:09:39","date_gmt":"2019-04-10T11:09:39","guid":{"rendered":"http:\/\/2019.walsergroup.com\/?page_id=823"},"modified":"2024-02-12T08:33:40","modified_gmt":"2024-02-12T07:33:40","slug":"imprint","status":"publish","type":"page","link":"https:\/\/walsergroup.com\/en\/imprint\/","title":{"rendered":"Imprint"},"content":{"rendered":"<div class=\"wpb-content-wrapper\"><p>[vc_row][vc_column][vc_column_text css=&#8221;.vc_custom_1707723214354{margin-top: 10px !important;margin-bottom: 10px !important;padding-top: 0px !important;padding-bottom: 0px !important;}&#8221;]<\/p>\n<h1>IMPRINT<\/h1>\n<p>WALSER GmbH<br \/>\nRadetzkystra\u00dfe 114<br \/>\n6845 Hohenems\/Austria<br \/>\nTelephone +435576 7156 0<br \/>\nTelefax +43 5576 7156 8<br \/>\nEmail office@walser.net<\/p>\n<p><span class=\"hps\">Managing Director:<\/span>\u00a0<span class=\"hps\">Hans<\/span>-Karl\u00a0<span class=\"hps\">Walser<\/span><br \/>\n<span class=\"hps\">Company registration<\/span>\u00a0<span class=\"hps\">number<\/span>: 361331w<br \/>\n<span class=\"hps\">Register Court<\/span>: District Court\u00a0<span class=\"hps\">Feldkirch<\/span><br \/>\n<span class=\"hps\">VAT Number<\/span>:\u00a0<span class=\"hps\">ATU66498211<\/span>[\/vc_column_text][\/vc_column][\/vc_row]<\/p>\n<\/div>","protected":false},"excerpt":{"rendered":"<p><span class=\"excerpt-hellip\"> [\u2026]<\/span><\/p>\n","protected":false},"author":1,"featured_media":0,"parent":0,"menu_order":0,"comment_status":"closed","ping_status":"closed","template":"","meta":{"inline_featured_image":false,"footnotes":""},"class_list":["post-823","page","type-page","status-publish","hentry"],"yoast_head":"<!-- This site is optimized with the Yoast SEO plugin v24.3 - https:\/\/yoast.com\/wordpress\/plugins\/seo\/ -->\n<title>Imprint - WALSER - Ihr Spezialist f\u00fcr automotive Innenausstattung<\/title>\n<meta name=\"robots\" content=\"index, follow, max-snippet:-1, max-image-preview:large, max-video-preview:-1\" \/>\n<link rel=\"canonical\" href=\"https:\/\/walsergroup.com\/en\/imprint\/\" \/>\n<meta property=\"og:locale\" content=\"en_US\" \/>\n<meta property=\"og:type\" content=\"article\" \/>\n<meta property=\"og:title\" content=\"Imprint - WALSER - Ihr Spezialist f\u00fcr automotive Innenausstattung\" \/>\n<meta property=\"og:description\" content=\"[\u2026]\" \/>\n<meta property=\"og:url\" content=\"https:\/\/walsergroup.com\/en\/imprint\/\" \/>\n<meta property=\"og:site_name\" content=\"WALSER - Ihr Spezialist f\u00fcr automotive Innenausstattung\" \/>\n<meta property=\"article:modified_time\" content=\"2024-02-12T07:33:40+00:00\" \/>\n<meta name=\"twitter:card\" content=\"summary_large_image\" \/>\n<meta name=\"twitter:label1\" content=\"Est. reading time\" \/>\n\t<meta name=\"twitter:data1\" content=\"1 minute\" \/>\n<script type=\"application\/ld+json\" class=\"yoast-schema-graph\">{\"@context\":\"https:\/\/schema.org\",\"@graph\":[{\"@type\":\"WebPage\",\"@id\":\"https:\/\/walsergroup.com\/en\/imprint\/\",\"url\":\"https:\/\/walsergroup.com\/en\/imprint\/\",\"name\":\"Imprint - WALSER - Ihr Spezialist f\u00fcr automotive Innenausstattung\",\"isPartOf\":{\"@id\":\"https:\/\/walsergroup.com\/en\/#website\"},\"datePublished\":\"2019-04-10T11:09:39+00:00\",\"dateModified\":\"2024-02-12T07:33:40+00:00\",\"breadcrumb\":{\"@id\":\"https:\/\/walsergroup.com\/en\/imprint\/#breadcrumb\"},\"inLanguage\":\"en-US\",\"potentialAction\":[{\"@type\":\"ReadAction\",\"target\":[\"https:\/\/walsergroup.com\/en\/imprint\/\"]}]},{\"@type\":\"BreadcrumbList\",\"@id\":\"https:\/\/walsergroup.com\/en\/imprint\/#breadcrumb\",\"itemListElement\":[{\"@type\":\"ListItem\",\"position\":1,\"name\":\"Startseite\",\"item\":\"https:\/\/walsergroup.com\/en\/\"},{\"@type\":\"ListItem\",\"position\":2,\"name\":\"Imprint\"}]},{\"@type\":\"WebSite\",\"@id\":\"https:\/\/walsergroup.com\/en\/#website\",\"url\":\"https:\/\/walsergroup.com\/en\/\",\"name\":\"WALSER - Ihr Spezialist f\u00fcr automotive Innenausstattung\",\"description\":\"Die WALSER GmbH produziert und vertreibt seit 1977 hochwertige Artikel im Bereich Autozubeh\u00f6r, ... Heute geh\u00f6rt Walser zu den Marktf\u00fchrern der Branche.\",\"publisher\":{\"@id\":\"https:\/\/walsergroup.com\/en\/#organization\"},\"potentialAction\":[{\"@type\":\"SearchAction\",\"target\":{\"@type\":\"EntryPoint\",\"urlTemplate\":\"https:\/\/walsergroup.com\/en\/?s={search_term_string}\"},\"query-input\":{\"@type\":\"PropertyValueSpecification\",\"valueRequired\":true,\"valueName\":\"search_term_string\"}}],\"inLanguage\":\"en-US\"},{\"@type\":\"Organization\",\"@id\":\"https:\/\/walsergroup.com\/en\/#organization\",\"name\":\"WALSER - Ihr Spezialist f\u00fcr automotive Innenausstattung\",\"url\":\"https:\/\/walsergroup.com\/en\/\",\"logo\":{\"@type\":\"ImageObject\",\"inLanguage\":\"en-US\",\"@id\":\"https:\/\/walsergroup.com\/en\/#\/schema\/logo\/image\/\",\"url\":\"https:\/\/walsergroup.com\/wp-content\/uploads\/2021\/06\/cropped-WALSER-Logo-DE-01-retina-1.png\",\"contentUrl\":\"https:\/\/walsergroup.com\/wp-content\/uploads\/2021\/06\/cropped-WALSER-Logo-DE-01-retina-1.png\",\"width\":466,\"height\":200,\"caption\":\"WALSER - Ihr Spezialist f\u00fcr automotive Innenausstattung\"},\"image\":{\"@id\":\"https:\/\/walsergroup.com\/en\/#\/schema\/logo\/image\/\"}}]}<\/script>\n<!-- \/ Yoast SEO plugin. -->","yoast_head_json":{"title":"Imprint - WALSER - Ihr Spezialist f\u00fcr automotive Innenausstattung","robots":{"index":"index","follow":"follow","max-snippet":"max-snippet:-1","max-image-preview":"max-image-preview:large","max-video-preview":"max-video-preview:-1"},"canonical":"https:\/\/walsergroup.com\/en\/imprint\/","og_locale":"en_US","og_type":"article","og_title":"Imprint - WALSER - Ihr Spezialist f\u00fcr automotive Innenausstattung","og_description":"[\u2026]","og_url":"https:\/\/walsergroup.com\/en\/imprint\/","og_site_name":"WALSER - Ihr Spezialist f\u00fcr automotive Innenausstattung","article_modified_time":"2024-02-12T07:33:40+00:00","twitter_card":"summary_large_image","twitter_misc":{"Est. reading time":"1 minute"},"schema":{"@context":"https:\/\/schema.org","@graph":[{"@type":"WebPage","@id":"https:\/\/walsergroup.com\/en\/imprint\/","url":"https:\/\/walsergroup.com\/en\/imprint\/","name":"Imprint - WALSER - Ihr Spezialist f\u00fcr automotive Innenausstattung","isPartOf":{"@id":"https:\/\/walsergroup.com\/en\/#website"},"datePublished":"2019-04-10T11:09:39+00:00","dateModified":"2024-02-12T07:33:40+00:00","breadcrumb":{"@id":"https:\/\/walsergroup.com\/en\/imprint\/#breadcrumb"},"inLanguage":"en-US","potentialAction":[{"@type":"ReadAction","target":["https:\/\/walsergroup.com\/en\/imprint\/"]}]},{"@type":"BreadcrumbList","@id":"https:\/\/walsergroup.com\/en\/imprint\/#breadcrumb","itemListElement":[{"@type":"ListItem","position":1,"name":"Startseite","item":"https:\/\/walsergroup.com\/en\/"},{"@type":"ListItem","position":2,"name":"Imprint"}]},{"@type":"WebSite","@id":"https:\/\/walsergroup.com\/en\/#website","url":"https:\/\/walsergroup.com\/en\/","name":"WALSER - Ihr Spezialist f\u00fcr automotive Innenausstattung","description":"Die WALSER GmbH produziert und vertreibt seit 1977 hochwertige Artikel im Bereich Autozubeh\u00f6r, ... Heute geh\u00f6rt Walser zu den Marktf\u00fchrern der Branche.","publisher":{"@id":"https:\/\/walsergroup.com\/en\/#organization"},"potentialAction":[{"@type":"SearchAction","target":{"@type":"EntryPoint","urlTemplate":"https:\/\/walsergroup.com\/en\/?s={search_term_string}"},"query-input":{"@type":"PropertyValueSpecification","valueRequired":true,"valueName":"search_term_string"}}],"inLanguage":"en-US"},{"@type":"Organization","@id":"https:\/\/walsergroup.com\/en\/#organization","name":"WALSER - Ihr Spezialist f\u00fcr automotive Innenausstattung","url":"https:\/\/walsergroup.com\/en\/","logo":{"@type":"ImageObject","inLanguage":"en-US","@id":"https:\/\/walsergroup.com\/en\/#\/schema\/logo\/image\/","url":"https:\/\/walsergroup.com\/wp-content\/uploads\/2021\/06\/cropped-WALSER-Logo-DE-01-retina-1.png","contentUrl":"https:\/\/walsergroup.com\/wp-content\/uploads\/2021\/06\/cropped-WALSER-Logo-DE-01-retina-1.png","width":466,"height":200,"caption":"WALSER - Ihr Spezialist f\u00fcr automotive Innenausstattung"},"image":{"@id":"https:\/\/walsergroup.com\/en\/#\/schema\/logo\/image\/"}}]}},"_links":{"self":[{"href":"https:\/\/walsergroup.com\/en\/wp-json\/wp\/v2\/pages\/823"}],"collection":[{"href":"https:\/\/walsergroup.com\/en\/wp-json\/wp\/v2\/pages"}],"about":[{"href":"https:\/\/walsergroup.com\/en\/wp-json\/wp\/v2\/types\/page"}],"author":[{"embeddable":true,"href":"https:\/\/walsergroup.com\/en\/wp-json\/wp\/v2\/users\/1"}],"replies":[{"embeddable":true,"href":"https:\/\/walsergroup.com\/en\/wp-json\/wp\/v2\/comments?post=823"}],"version-history":[{"count":0,"href":"https:\/\/walsergroup.com\/en\/wp-json\/wp\/v2\/pages\/823\/revisions"}],"wp:attachment":[{"href":"https:\/\/walsergroup.com\/en\/wp-json\/wp\/v2\/media?parent=823"}],"curies":[{"name":"wp","href":"https:\/\/api.w.org\/{rel}","templated":true}]}}